{"id":25880,"date":"2025-10-09T14:16:41","date_gmt":"2025-10-09T12:16:41","guid":{"rendered":"https:\/\/infield-safety.com\/produkte\/uncategorized\/vision-15\/"},"modified":"2025-10-11T10:45:58","modified_gmt":"2025-10-11T08:45:58","slug":"gutschein-54","status":"publish","type":"product","link":"https:\/\/infield-safety.com\/en\/produkte\/prescription-safety-eyewear\/gutschein-54\/","title":{"rendered":"VISION 15"},"content":{"rendered":"<h3>Additional rubber lip<\/h3>\n<p>The additional rubber lip on the upper edge of the VISION 15 frame increases safety against foreign bodies entering from above. The temple ends can be individually adjusted. The very good coverage of the eye area offers a particularly high level of protection.<\/p>\n","protected":false},"excerpt":{"rendered":"<p>Additional rubber lip The additional rubber lip on the upper  [&#8230;]<\/p>\n","protected":false},"featured_media":25882,"template":"","meta":[],"product_brand":[],"product_cat":[504],"product_tag":[],"class_list":{"0":"post-25880","1":"product","2":"type-product","3":"status-publish","4":"has-post-thumbnail","6":"product_cat-prescription-safety-eyewear","7":"pa_designation-vision-15-grey-turquoise","9":"first","10":"instock","11":"product-type-variable","12":"has-default-attributes","13":"wvs-archive-product-wrapper"},"yoast_head":"<!-- This site is optimized with the Yoast SEO plugin v27.2 - https:\/\/yoast.com\/product\/yoast-seo-wordpress\/ -->\n<title>INFIELD-SAFETY | Schutzbrillen - Augenschutz | individueller Geh\u00f6rschutz<\/title>\n<meta name=\"description\" content=\"INFIELD Safety ist Hersteller von hochwertigen Schutzbrillen, speziell f\u00fcr Brillentr\u00e4ger (Korrektionsschutzbrillen) sowie individuellem Geh\u00f6rschutz\" \/>\n<meta name=\"robots\" content=\"index, follow, max-snippet:-1, max-image-preview:large, max-video-preview:-1\" \/>\n<link rel=\"canonical\" href=\"https:\/\/infield-safety.com\/en\/produkte\/prescription-safety-eyewear\/gutschein-54\/\" \/>\n<meta property=\"og:locale\" content=\"en_US\" \/>\n<meta property=\"og:type\" content=\"article\" \/>\n<meta property=\"og:title\" content=\"INFIELD-SAFETY | Schutzbrillen - Augenschutz | individueller Geh\u00f6rschutz\" \/>\n<meta property=\"og:description\" content=\"INFIELD Safety ist Hersteller von hochwertigen Schutzbrillen, speziell f\u00fcr Brillentr\u00e4ger (Korrektionsschutzbrillen) sowie individuellem Geh\u00f6rschutz\" \/>\n<meta property=\"og:url\" content=\"https:\/\/infield-safety.com\/en\/produkte\/prescription-safety-eyewear\/gutschein-54\/\" \/>\n<meta property=\"og:site_name\" content=\"INFIELD SAFETY\" \/>\n<meta property=\"article:modified_time\" content=\"2025-10-11T08:45:58+00:00\" \/>\n<meta property=\"og:image\" content=\"https:\/\/infield-safety.com\/wp-content\/uploads\/2025\/10\/2085065518_VISION15_grau_grun_p.webp\" \/>\n\t<meta property=\"og:image:width\" content=\"1200\" \/>\n\t<meta property=\"og:image:height\" content=\"1200\" \/>\n\t<meta property=\"og:image:type\" content=\"image\/jpeg\" \/>\n<meta name=\"twitter:card\" content=\"summary_large_image\" \/>\n<meta name=\"twitter:label1\" content=\"Est. reading time\" \/>\n\t<meta name=\"twitter:data1\" content=\"2 minutes\" \/>\n<script type=\"application\/ld+json\" class=\"yoast-schema-graph\">{\"@context\":\"https:\/\/schema.org\",\"@graph\":[{\"@type\":\"WebPage\",\"@id\":\"https:\/\/infield-safety.com\/en\/produkte\/prescription-safety-eyewear\/gutschein-54\/\",\"url\":\"https:\/\/infield-safety.com\/en\/produkte\/prescription-safety-eyewear\/gutschein-54\/\",\"name\":\"INFIELD-SAFETY | Schutzbrillen - Augenschutz | individueller Geh\u00f6rschutz\",\"isPartOf\":{\"@id\":\"https:\/\/infield-safety.com\/#website\"},\"primaryImageOfPage\":{\"@id\":\"https:\/\/infield-safety.com\/en\/produkte\/prescription-safety-eyewear\/gutschein-54\/#primaryimage\"},\"image\":{\"@id\":\"https:\/\/infield-safety.com\/en\/produkte\/prescription-safety-eyewear\/gutschein-54\/#primaryimage\"},\"thumbnailUrl\":\"https:\/\/infield-safety.com\/wp-content\/uploads\/2025\/10\/2085065518_VISION15_grau_grun_p.webp\",\"datePublished\":\"2025-10-09T12:16:41+00:00\",\"dateModified\":\"2025-10-11T08:45:58+00:00\",\"description\":\"INFIELD Safety ist Hersteller von hochwertigen Schutzbrillen, speziell f\u00fcr Brillentr\u00e4ger (Korrektionsschutzbrillen) sowie individuellem Geh\u00f6rschutz\",\"breadcrumb\":{\"@id\":\"https:\/\/infield-safety.com\/en\/produkte\/prescription-safety-eyewear\/gutschein-54\/#breadcrumb\"},\"inLanguage\":\"en-US\",\"potentialAction\":[{\"@type\":\"ReadAction\",\"target\":[\"https:\/\/infield-safety.com\/en\/produkte\/prescription-safety-eyewear\/gutschein-54\/\"]}]},{\"@type\":\"ImageObject\",\"inLanguage\":\"en-US\",\"@id\":\"https:\/\/infield-safety.com\/en\/produkte\/prescription-safety-eyewear\/gutschein-54\/#primaryimage\",\"url\":\"https:\/\/infield-safety.com\/wp-content\/uploads\/2025\/10\/2085065518_VISION15_grau_grun_p.webp\",\"contentUrl\":\"https:\/\/infield-safety.com\/wp-content\/uploads\/2025\/10\/2085065518_VISION15_grau_grun_p.webp\",\"width\":1200,\"height\":1200},{\"@type\":\"BreadcrumbList\",\"@id\":\"https:\/\/infield-safety.com\/en\/produkte\/prescription-safety-eyewear\/gutschein-54\/#breadcrumb\",\"itemListElement\":[{\"@type\":\"ListItem\",\"position\":1,\"name\":\"Startseite\",\"item\":\"https:\/\/infield-safety.com\/en\/\"},{\"@type\":\"ListItem\",\"position\":2,\"name\":\"Products\",\"item\":\"https:\/\/infield-safety.com\/en\/products\/\"},{\"@type\":\"ListItem\",\"position\":3,\"name\":\"VISION 15\"}]},{\"@type\":\"WebSite\",\"@id\":\"https:\/\/infield-safety.com\/#website\",\"url\":\"https:\/\/infield-safety.com\/\",\"name\":\"INFIELD SAFETY\",\"description\":\"individueller und professioneller Augen- und Geh\u00f6rschutz\",\"publisher\":{\"@id\":\"https:\/\/infield-safety.com\/#organization\"},\"potentialAction\":[{\"@type\":\"SearchAction\",\"target\":{\"@type\":\"EntryPoint\",\"urlTemplate\":\"https:\/\/infield-safety.com\/?s={search_term_string}\"},\"query-input\":{\"@type\":\"PropertyValueSpecification\",\"valueRequired\":true,\"valueName\":\"search_term_string\"}}],\"inLanguage\":\"en-US\"},{\"@type\":\"Organization\",\"@id\":\"https:\/\/infield-safety.com\/#organization\",\"name\":\"INFIELD SAFETY\",\"url\":\"https:\/\/infield-safety.com\/\",\"logo\":{\"@type\":\"ImageObject\",\"inLanguage\":\"en-US\",\"@id\":\"https:\/\/infield-safety.com\/#\/schema\/logo\/image\/\",\"url\":\"https:\/\/infield-safety.com\/wp-content\/uploads\/2023\/12\/infield-safety-logo-transparent-600x180-1.png\",\"contentUrl\":\"https:\/\/infield-safety.com\/wp-content\/uploads\/2023\/12\/infield-safety-logo-transparent-600x180-1.png\",\"width\":600,\"height\":180,\"caption\":\"INFIELD SAFETY\"},\"image\":{\"@id\":\"https:\/\/infield-safety.com\/#\/schema\/logo\/image\/\"}}]}<\/script>\n<!-- \/ Yoast SEO plugin. -->","yoast_head_json":{"title":"INFIELD-SAFETY | Schutzbrillen - Augenschutz | individueller Geh\u00f6rschutz","description":"INFIELD Safety ist Hersteller von hochwertigen Schutzbrillen, speziell f\u00fcr Brillentr\u00e4ger (Korrektionsschutzbrillen) sowie individuellem Geh\u00f6rschutz","robots":{"index":"index","follow":"follow","max-snippet":"max-snippet:-1","max-image-preview":"max-image-preview:large","max-video-preview":"max-video-preview:-1"},"canonical":"https:\/\/infield-safety.com\/en\/produkte\/prescription-safety-eyewear\/gutschein-54\/","og_locale":"en_US","og_type":"article","og_title":"INFIELD-SAFETY | Schutzbrillen - Augenschutz | individueller Geh\u00f6rschutz","og_description":"INFIELD Safety ist Hersteller von hochwertigen Schutzbrillen, speziell f\u00fcr Brillentr\u00e4ger (Korrektionsschutzbrillen) sowie individuellem Geh\u00f6rschutz","og_url":"https:\/\/infield-safety.com\/en\/produkte\/prescription-safety-eyewear\/gutschein-54\/","og_site_name":"INFIELD SAFETY","article_modified_time":"2025-10-11T08:45:58+00:00","og_image":[{"width":1200,"height":1200,"url":"https:\/\/infield-safety.com\/wp-content\/uploads\/2025\/10\/2085065518_VISION15_grau_grun_p.webp","type":"image\/jpeg"}],"twitter_card":"summary_large_image","twitter_misc":{"Est. reading time":"2 minutes"},"schema":{"@context":"https:\/\/schema.org","@graph":[{"@type":"WebPage","@id":"https:\/\/infield-safety.com\/en\/produkte\/prescription-safety-eyewear\/gutschein-54\/","url":"https:\/\/infield-safety.com\/en\/produkte\/prescription-safety-eyewear\/gutschein-54\/","name":"INFIELD-SAFETY | Schutzbrillen - Augenschutz | individueller Geh\u00f6rschutz","isPartOf":{"@id":"https:\/\/infield-safety.com\/#website"},"primaryImageOfPage":{"@id":"https:\/\/infield-safety.com\/en\/produkte\/prescription-safety-eyewear\/gutschein-54\/#primaryimage"},"image":{"@id":"https:\/\/infield-safety.com\/en\/produkte\/prescription-safety-eyewear\/gutschein-54\/#primaryimage"},"thumbnailUrl":"https:\/\/infield-safety.com\/wp-content\/uploads\/2025\/10\/2085065518_VISION15_grau_grun_p.webp","datePublished":"2025-10-09T12:16:41+00:00","dateModified":"2025-10-11T08:45:58+00:00","description":"INFIELD Safety ist Hersteller von hochwertigen Schutzbrillen, speziell f\u00fcr Brillentr\u00e4ger (Korrektionsschutzbrillen) sowie individuellem Geh\u00f6rschutz","breadcrumb":{"@id":"https:\/\/infield-safety.com\/en\/produkte\/prescription-safety-eyewear\/gutschein-54\/#breadcrumb"},"inLanguage":"en-US","potentialAction":[{"@type":"ReadAction","target":["https:\/\/infield-safety.com\/en\/produkte\/prescription-safety-eyewear\/gutschein-54\/"]}]},{"@type":"ImageObject","inLanguage":"en-US","@id":"https:\/\/infield-safety.com\/en\/produkte\/prescription-safety-eyewear\/gutschein-54\/#primaryimage","url":"https:\/\/infield-safety.com\/wp-content\/uploads\/2025\/10\/2085065518_VISION15_grau_grun_p.webp","contentUrl":"https:\/\/infield-safety.com\/wp-content\/uploads\/2025\/10\/2085065518_VISION15_grau_grun_p.webp","width":1200,"height":1200},{"@type":"BreadcrumbList","@id":"https:\/\/infield-safety.com\/en\/produkte\/prescription-safety-eyewear\/gutschein-54\/#breadcrumb","itemListElement":[{"@type":"ListItem","position":1,"name":"Startseite","item":"https:\/\/infield-safety.com\/en\/"},{"@type":"ListItem","position":2,"name":"Products","item":"https:\/\/infield-safety.com\/en\/products\/"},{"@type":"ListItem","position":3,"name":"VISION 15"}]},{"@type":"WebSite","@id":"https:\/\/infield-safety.com\/#website","url":"https:\/\/infield-safety.com\/","name":"INFIELD SAFETY","description":"individueller und professioneller Augen- und Geh\u00f6rschutz","publisher":{"@id":"https:\/\/infield-safety.com\/#organization"},"potentialAction":[{"@type":"SearchAction","target":{"@type":"EntryPoint","urlTemplate":"https:\/\/infield-safety.com\/?s={search_term_string}"},"query-input":{"@type":"PropertyValueSpecification","valueRequired":true,"valueName":"search_term_string"}}],"inLanguage":"en-US"},{"@type":"Organization","@id":"https:\/\/infield-safety.com\/#organization","name":"INFIELD SAFETY","url":"https:\/\/infield-safety.com\/","logo":{"@type":"ImageObject","inLanguage":"en-US","@id":"https:\/\/infield-safety.com\/#\/schema\/logo\/image\/","url":"https:\/\/infield-safety.com\/wp-content\/uploads\/2023\/12\/infield-safety-logo-transparent-600x180-1.png","contentUrl":"https:\/\/infield-safety.com\/wp-content\/uploads\/2023\/12\/infield-safety-logo-transparent-600x180-1.png","width":600,"height":180,"caption":"INFIELD SAFETY"},"image":{"@id":"https:\/\/infield-safety.com\/#\/schema\/logo\/image\/"}}]}},"_links":{"self":[{"href":"https:\/\/infield-safety.com\/en\/wp-json\/wp\/v2\/product\/25880","targetHints":{"allow":["GET"]}}],"collection":[{"href":"https:\/\/infield-safety.com\/en\/wp-json\/wp\/v2\/product"}],"about":[{"href":"https:\/\/infield-safety.com\/en\/wp-json\/wp\/v2\/types\/product"}],"wp:featuredmedia":[{"embeddable":true,"href":"https:\/\/infield-safety.com\/en\/wp-json\/wp\/v2\/media\/25882"}],"wp:attachment":[{"href":"https:\/\/infield-safety.com\/en\/wp-json\/wp\/v2\/media?parent=25880"}],"wp:term":[{"taxonomy":"product_brand","embeddable":true,"href":"https:\/\/infield-safety.com\/en\/wp-json\/wp\/v2\/product_brand?post=25880"},{"taxonomy":"product_cat","embeddable":true,"href":"https:\/\/infield-safety.com\/en\/wp-json\/wp\/v2\/product_cat?post=25880"},{"taxonomy":"product_tag","embeddable":true,"href":"https:\/\/infield-safety.com\/en\/wp-json\/wp\/v2\/product_tag?post=25880"}],"curies":[{"name":"wp","href":"https:\/\/api.w.org\/{rel}","templated":true}]}}