{"id":25894,"date":"2025-10-09T14:17:16","date_gmt":"2025-10-09T12:17:16","guid":{"rendered":"https:\/\/infield-safety.com\/produkte\/uncategorized\/vision-m-6600\/"},"modified":"2025-10-11T10:46:50","modified_gmt":"2025-10-11T08:46:50","slug":"gutschein-57","status":"publish","type":"product","link":"https:\/\/infield-safety.com\/en\/produkte\/prescription-safety-eyewear\/gutschein-57\/","title":{"rendered":"VISION M 6600"},"content":{"rendered":"<h3>Classic rounded safety spectacles<\/h3>\n<p>The modern VISION M 6600 is available in 3 different sizes and 2 colours. The metal safety spectacles can be precisely customised to the anatomy of the wearer&#8217;s head and face. The corrosion-resistant alloy makes the safety spectacles more resistant and durable.<\/p>\n","protected":false},"excerpt":{"rendered":"<p>Classic rounded safety spectacles The modern VISION M 6600 is  [&#8230;]<\/p>\n","protected":false},"featured_media":12348,"template":"","meta":[],"product_brand":[],"product_cat":[504],"product_tag":[],"class_list":{"0":"post-25894","1":"product","2":"type-product","3":"status-publish","4":"has-post-thumbnail","6":"product_cat-prescription-safety-eyewear","7":"pa_designation-vision-m-6600-black-48","8":"pa_designation-vision-m-6600-black-52","9":"pa_designation-vision-m-6600-black-54","10":"pa_designation-vision-m-6600-grey-48","11":"pa_designation-vision-m-6600-grey-52","12":"pa_designation-vision-m-6600-grey-54","14":"first","15":"instock","16":"product-type-variable","17":"has-default-attributes","18":"wvs-archive-product-wrapper"},"yoast_head":"<!-- This site is optimized with the Yoast SEO plugin v27.2 - https:\/\/yoast.com\/product\/yoast-seo-wordpress\/ -->\n<title>INFIELD-SAFETY | Schutzbrillen - Augenschutz | individueller Geh\u00f6rschutz<\/title>\n<meta name=\"description\" content=\"INFIELD Safety ist Hersteller von hochwertigen Schutzbrillen, speziell f\u00fcr Brillentr\u00e4ger (Korrektionsschutzbrillen) sowie individuellem Geh\u00f6rschutz\" \/>\n<meta name=\"robots\" content=\"index, follow, max-snippet:-1, max-image-preview:large, max-video-preview:-1\" \/>\n<link rel=\"canonical\" href=\"https:\/\/infield-safety.com\/en\/produkte\/prescription-safety-eyewear\/gutschein-57\/\" \/>\n<meta property=\"og:locale\" content=\"en_US\" \/>\n<meta property=\"og:type\" content=\"article\" \/>\n<meta property=\"og:title\" content=\"INFIELD-SAFETY | Schutzbrillen - Augenschutz | individueller Geh\u00f6rschutz\" \/>\n<meta property=\"og:description\" content=\"INFIELD Safety ist Hersteller von hochwertigen Schutzbrillen, speziell f\u00fcr Brillentr\u00e4ger (Korrektionsschutzbrillen) sowie individuellem Geh\u00f6rschutz\" \/>\n<meta property=\"og:url\" content=\"https:\/\/infield-safety.com\/en\/produkte\/prescription-safety-eyewear\/gutschein-57\/\" \/>\n<meta property=\"og:site_name\" content=\"INFIELD SAFETY\" \/>\n<meta property=\"article:modified_time\" content=\"2025-10-11T08:46:50+00:00\" \/>\n<meta property=\"og:image\" content=\"https:\/\/infield-safety.com\/wp-content\/uploads\/2024\/03\/6600224815_VISIONM6600_silber_p.jpg\" \/>\n\t<meta property=\"og:image:width\" content=\"1200\" \/>\n\t<meta property=\"og:image:height\" content=\"1200\" \/>\n\t<meta property=\"og:image:type\" content=\"image\/jpeg\" \/>\n<meta name=\"twitter:card\" content=\"summary_large_image\" \/>\n<meta name=\"twitter:label1\" content=\"Est. reading time\" \/>\n\t<meta name=\"twitter:data1\" content=\"2 minutes\" \/>\n<script type=\"application\/ld+json\" class=\"yoast-schema-graph\">{\"@context\":\"https:\/\/schema.org\",\"@graph\":[{\"@type\":\"WebPage\",\"@id\":\"https:\/\/infield-safety.com\/en\/produkte\/prescription-safety-eyewear\/gutschein-57\/\",\"url\":\"https:\/\/infield-safety.com\/en\/produkte\/prescription-safety-eyewear\/gutschein-57\/\",\"name\":\"INFIELD-SAFETY | Schutzbrillen - Augenschutz | individueller Geh\u00f6rschutz\",\"isPartOf\":{\"@id\":\"https:\/\/infield-safety.com\/#website\"},\"primaryImageOfPage\":{\"@id\":\"https:\/\/infield-safety.com\/en\/produkte\/prescription-safety-eyewear\/gutschein-57\/#primaryimage\"},\"image\":{\"@id\":\"https:\/\/infield-safety.com\/en\/produkte\/prescription-safety-eyewear\/gutschein-57\/#primaryimage\"},\"thumbnailUrl\":\"https:\/\/infield-safety.com\/wp-content\/uploads\/2024\/03\/6600224815_VISIONM6600_silber_p.webp\",\"datePublished\":\"2025-10-09T12:17:16+00:00\",\"dateModified\":\"2025-10-11T08:46:50+00:00\",\"description\":\"INFIELD Safety ist Hersteller von hochwertigen Schutzbrillen, speziell f\u00fcr Brillentr\u00e4ger (Korrektionsschutzbrillen) sowie individuellem Geh\u00f6rschutz\",\"breadcrumb\":{\"@id\":\"https:\/\/infield-safety.com\/en\/produkte\/prescription-safety-eyewear\/gutschein-57\/#breadcrumb\"},\"inLanguage\":\"en-US\",\"potentialAction\":[{\"@type\":\"ReadAction\",\"target\":[\"https:\/\/infield-safety.com\/en\/produkte\/prescription-safety-eyewear\/gutschein-57\/\"]}]},{\"@type\":\"ImageObject\",\"inLanguage\":\"en-US\",\"@id\":\"https:\/\/infield-safety.com\/en\/produkte\/prescription-safety-eyewear\/gutschein-57\/#primaryimage\",\"url\":\"https:\/\/infield-safety.com\/wp-content\/uploads\/2024\/03\/6600224815_VISIONM6600_silber_p.webp\",\"contentUrl\":\"https:\/\/infield-safety.com\/wp-content\/uploads\/2024\/03\/6600224815_VISIONM6600_silber_p.webp\",\"width\":1200,\"height\":1200,\"caption\":\"6600224815_VISIONM6600_silber_p\"},{\"@type\":\"BreadcrumbList\",\"@id\":\"https:\/\/infield-safety.com\/en\/produkte\/prescription-safety-eyewear\/gutschein-57\/#breadcrumb\",\"itemListElement\":[{\"@type\":\"ListItem\",\"position\":1,\"name\":\"Startseite\",\"item\":\"https:\/\/infield-safety.com\/en\/\"},{\"@type\":\"ListItem\",\"position\":2,\"name\":\"Products\",\"item\":\"https:\/\/infield-safety.com\/en\/products\/\"},{\"@type\":\"ListItem\",\"position\":3,\"name\":\"VISION M 6600\"}]},{\"@type\":\"WebSite\",\"@id\":\"https:\/\/infield-safety.com\/#website\",\"url\":\"https:\/\/infield-safety.com\/\",\"name\":\"INFIELD SAFETY\",\"description\":\"individueller und professioneller Augen- und Geh\u00f6rschutz\",\"publisher\":{\"@id\":\"https:\/\/infield-safety.com\/#organization\"},\"potentialAction\":[{\"@type\":\"SearchAction\",\"target\":{\"@type\":\"EntryPoint\",\"urlTemplate\":\"https:\/\/infield-safety.com\/?s={search_term_string}\"},\"query-input\":{\"@type\":\"PropertyValueSpecification\",\"valueRequired\":true,\"valueName\":\"search_term_string\"}}],\"inLanguage\":\"en-US\"},{\"@type\":\"Organization\",\"@id\":\"https:\/\/infield-safety.com\/#organization\",\"name\":\"INFIELD SAFETY\",\"url\":\"https:\/\/infield-safety.com\/\",\"logo\":{\"@type\":\"ImageObject\",\"inLanguage\":\"en-US\",\"@id\":\"https:\/\/infield-safety.com\/#\/schema\/logo\/image\/\",\"url\":\"https:\/\/infield-safety.com\/wp-content\/uploads\/2023\/12\/infield-safety-logo-transparent-600x180-1.png\",\"contentUrl\":\"https:\/\/infield-safety.com\/wp-content\/uploads\/2023\/12\/infield-safety-logo-transparent-600x180-1.png\",\"width\":600,\"height\":180,\"caption\":\"INFIELD SAFETY\"},\"image\":{\"@id\":\"https:\/\/infield-safety.com\/#\/schema\/logo\/image\/\"}}]}<\/script>\n<!-- \/ Yoast SEO plugin. -->","yoast_head_json":{"title":"INFIELD-SAFETY | Schutzbrillen - Augenschutz | individueller Geh\u00f6rschutz","description":"INFIELD Safety ist Hersteller von hochwertigen Schutzbrillen, speziell f\u00fcr Brillentr\u00e4ger (Korrektionsschutzbrillen) sowie individuellem Geh\u00f6rschutz","robots":{"index":"index","follow":"follow","max-snippet":"max-snippet:-1","max-image-preview":"max-image-preview:large","max-video-preview":"max-video-preview:-1"},"canonical":"https:\/\/infield-safety.com\/en\/produkte\/prescription-safety-eyewear\/gutschein-57\/","og_locale":"en_US","og_type":"article","og_title":"INFIELD-SAFETY | Schutzbrillen - Augenschutz | individueller Geh\u00f6rschutz","og_description":"INFIELD Safety ist Hersteller von hochwertigen Schutzbrillen, speziell f\u00fcr Brillentr\u00e4ger (Korrektionsschutzbrillen) sowie individuellem Geh\u00f6rschutz","og_url":"https:\/\/infield-safety.com\/en\/produkte\/prescription-safety-eyewear\/gutschein-57\/","og_site_name":"INFIELD SAFETY","article_modified_time":"2025-10-11T08:46:50+00:00","og_image":[{"width":1200,"height":1200,"url":"https:\/\/infield-safety.com\/wp-content\/uploads\/2024\/03\/6600224815_VISIONM6600_silber_p.jpg","type":"image\/jpeg"}],"twitter_card":"summary_large_image","twitter_misc":{"Est. reading time":"2 minutes"},"schema":{"@context":"https:\/\/schema.org","@graph":[{"@type":"WebPage","@id":"https:\/\/infield-safety.com\/en\/produkte\/prescription-safety-eyewear\/gutschein-57\/","url":"https:\/\/infield-safety.com\/en\/produkte\/prescription-safety-eyewear\/gutschein-57\/","name":"INFIELD-SAFETY | Schutzbrillen - Augenschutz | individueller Geh\u00f6rschutz","isPartOf":{"@id":"https:\/\/infield-safety.com\/#website"},"primaryImageOfPage":{"@id":"https:\/\/infield-safety.com\/en\/produkte\/prescription-safety-eyewear\/gutschein-57\/#primaryimage"},"image":{"@id":"https:\/\/infield-safety.com\/en\/produkte\/prescription-safety-eyewear\/gutschein-57\/#primaryimage"},"thumbnailUrl":"https:\/\/infield-safety.com\/wp-content\/uploads\/2024\/03\/6600224815_VISIONM6600_silber_p.webp","datePublished":"2025-10-09T12:17:16+00:00","dateModified":"2025-10-11T08:46:50+00:00","description":"INFIELD Safety ist Hersteller von hochwertigen Schutzbrillen, speziell f\u00fcr Brillentr\u00e4ger (Korrektionsschutzbrillen) sowie individuellem Geh\u00f6rschutz","breadcrumb":{"@id":"https:\/\/infield-safety.com\/en\/produkte\/prescription-safety-eyewear\/gutschein-57\/#breadcrumb"},"inLanguage":"en-US","potentialAction":[{"@type":"ReadAction","target":["https:\/\/infield-safety.com\/en\/produkte\/prescription-safety-eyewear\/gutschein-57\/"]}]},{"@type":"ImageObject","inLanguage":"en-US","@id":"https:\/\/infield-safety.com\/en\/produkte\/prescription-safety-eyewear\/gutschein-57\/#primaryimage","url":"https:\/\/infield-safety.com\/wp-content\/uploads\/2024\/03\/6600224815_VISIONM6600_silber_p.webp","contentUrl":"https:\/\/infield-safety.com\/wp-content\/uploads\/2024\/03\/6600224815_VISIONM6600_silber_p.webp","width":1200,"height":1200,"caption":"6600224815_VISIONM6600_silber_p"},{"@type":"BreadcrumbList","@id":"https:\/\/infield-safety.com\/en\/produkte\/prescription-safety-eyewear\/gutschein-57\/#breadcrumb","itemListElement":[{"@type":"ListItem","position":1,"name":"Startseite","item":"https:\/\/infield-safety.com\/en\/"},{"@type":"ListItem","position":2,"name":"Products","item":"https:\/\/infield-safety.com\/en\/products\/"},{"@type":"ListItem","position":3,"name":"VISION M 6600"}]},{"@type":"WebSite","@id":"https:\/\/infield-safety.com\/#website","url":"https:\/\/infield-safety.com\/","name":"INFIELD SAFETY","description":"individueller und professioneller Augen- und Geh\u00f6rschutz","publisher":{"@id":"https:\/\/infield-safety.com\/#organization"},"potentialAction":[{"@type":"SearchAction","target":{"@type":"EntryPoint","urlTemplate":"https:\/\/infield-safety.com\/?s={search_term_string}"},"query-input":{"@type":"PropertyValueSpecification","valueRequired":true,"valueName":"search_term_string"}}],"inLanguage":"en-US"},{"@type":"Organization","@id":"https:\/\/infield-safety.com\/#organization","name":"INFIELD SAFETY","url":"https:\/\/infield-safety.com\/","logo":{"@type":"ImageObject","inLanguage":"en-US","@id":"https:\/\/infield-safety.com\/#\/schema\/logo\/image\/","url":"https:\/\/infield-safety.com\/wp-content\/uploads\/2023\/12\/infield-safety-logo-transparent-600x180-1.png","contentUrl":"https:\/\/infield-safety.com\/wp-content\/uploads\/2023\/12\/infield-safety-logo-transparent-600x180-1.png","width":600,"height":180,"caption":"INFIELD SAFETY"},"image":{"@id":"https:\/\/infield-safety.com\/#\/schema\/logo\/image\/"}}]}},"_links":{"self":[{"href":"https:\/\/infield-safety.com\/en\/wp-json\/wp\/v2\/product\/25894","targetHints":{"allow":["GET"]}}],"collection":[{"href":"https:\/\/infield-safety.com\/en\/wp-json\/wp\/v2\/product"}],"about":[{"href":"https:\/\/infield-safety.com\/en\/wp-json\/wp\/v2\/types\/product"}],"wp:featuredmedia":[{"embeddable":true,"href":"https:\/\/infield-safety.com\/en\/wp-json\/wp\/v2\/media\/12348"}],"wp:attachment":[{"href":"https:\/\/infield-safety.com\/en\/wp-json\/wp\/v2\/media?parent=25894"}],"wp:term":[{"taxonomy":"product_brand","embeddable":true,"href":"https:\/\/infield-safety.com\/en\/wp-json\/wp\/v2\/product_brand?post=25894"},{"taxonomy":"product_cat","embeddable":true,"href":"https:\/\/infield-safety.com\/en\/wp-json\/wp\/v2\/product_cat?post=25894"},{"taxonomy":"product_tag","embeddable":true,"href":"https:\/\/infield-safety.com\/en\/wp-json\/wp\/v2\/product_tag?post=25894"}],"curies":[{"name":"wp","href":"https:\/\/api.w.org\/{rel}","templated":true}]}}