{"id":25939,"date":"2025-10-09T14:20:22","date_gmt":"2025-10-09T12:20:22","guid":{"rendered":"https:\/\/infield-safety.com\/produkte\/uncategorized\/terminator-plus-outdoor\/"},"modified":"2025-10-11T10:49:03","modified_gmt":"2025-10-11T08:49:03","slug":"gutschein-65","status":"publish","type":"product","link":"https:\/\/infield-safety.com\/en\/produkte\/plano-safety-eyewear\/plastic-frame-spectacles\/gutschein-65\/","title":{"rendered":"TERMINATOR PLUS OUTDOOR"},"content":{"rendered":"<h3>The bestseller with additional rubber lip<\/h3>\n<p>The safety spectacles for all occupational safety and leisure requirements. The enormous variety of lens tints and finishes is matched by various frame colours. This means that everyone can find their TERMINATOR for everyday work, sport and leisure. Due to the wide range of lens technologies, the Terminator is also available in three different welding protection versions and for activities with high UV exposure.<\/p>\n","protected":false},"excerpt":{"rendered":"<p>The bestseller with additional rubber lip The safety spectacles for  [&#8230;]<\/p>\n","protected":false},"featured_media":7094,"template":"","meta":[],"product_brand":[],"product_cat":[505,815],"product_tag":[],"class_list":{"0":"post-25939","1":"product","2":"type-product","3":"status-publish","4":"has-post-thumbnail","6":"product_cat-plano-safety-eyewear","7":"product_cat-plastic-frame-spectacles","8":"pa_designation-terminator-plus-outdoor-black-sun-gold-hc-anti-scratch","9":"pa_designation-terminator-plus-outdoor-black-sun-grey-hc-anti-scratch","10":"pa_designation-terminator-plus-outdoor-silver-hc-anti-scratch","12":"first","13":"instock","14":"product-type-variable","15":"has-default-attributes","16":"wvs-archive-product-wrapper"},"yoast_head":"<!-- This site is optimized with the Yoast SEO plugin v27.2 - https:\/\/yoast.com\/product\/yoast-seo-wordpress\/ -->\n<title>INFIELD-SAFETY | Schutzbrillen - Augenschutz | individueller Geh\u00f6rschutz<\/title>\n<meta name=\"description\" content=\"INFIELD Safety ist Hersteller von hochwertigen Schutzbrillen, speziell f\u00fcr Brillentr\u00e4ger (Korrektionsschutzbrillen) sowie individuellem Geh\u00f6rschutz\" \/>\n<meta name=\"robots\" content=\"index, follow, max-snippet:-1, max-image-preview:large, max-video-preview:-1\" \/>\n<link rel=\"canonical\" href=\"https:\/\/infield-safety.com\/produkte\/schutzbrillen\/buegelbrillen\/gutschein-65\/\" \/>\n<meta property=\"og:locale\" content=\"en_US\" \/>\n<meta property=\"og:type\" content=\"article\" \/>\n<meta property=\"og:title\" content=\"INFIELD-SAFETY | Schutzbrillen - Augenschutz | individueller Geh\u00f6rschutz\" \/>\n<meta property=\"og:description\" content=\"INFIELD Safety ist Hersteller von hochwertigen Schutzbrillen, speziell f\u00fcr Brillentr\u00e4ger (Korrektionsschutzbrillen) sowie individuellem Geh\u00f6rschutz\" \/>\n<meta property=\"og:url\" content=\"https:\/\/infield-safety.com\/produkte\/schutzbrillen\/buegelbrillen\/gutschein-65\/\" \/>\n<meta property=\"og:site_name\" content=\"INFIELD SAFETY\" \/>\n<meta property=\"article:modified_time\" content=\"2025-10-11T08:49:03+00:00\" \/>\n<meta property=\"og:image\" content=\"https:\/\/infield-safety.com\/wp-content\/uploads\/2022\/08\/9395145_terminatorplus_schwarz_p.jpg\" \/>\n\t<meta property=\"og:image:width\" content=\"1200\" \/>\n\t<meta property=\"og:image:height\" content=\"1200\" \/>\n\t<meta property=\"og:image:type\" content=\"image\/jpeg\" \/>\n<meta name=\"twitter:card\" content=\"summary_large_image\" \/>\n<meta name=\"twitter:label1\" content=\"Est. reading time\" \/>\n\t<meta name=\"twitter:data1\" content=\"2 minutes\" \/>\n<script type=\"application\/ld+json\" class=\"yoast-schema-graph\">{\"@context\":\"https:\/\/schema.org\",\"@graph\":[{\"@type\":\"WebPage\",\"@id\":\"https:\/\/infield-safety.com\/produkte\/schutzbrillen\/buegelbrillen\/gutschein-65\/\",\"url\":\"https:\/\/infield-safety.com\/produkte\/schutzbrillen\/buegelbrillen\/gutschein-65\/\",\"name\":\"INFIELD-SAFETY | Schutzbrillen - Augenschutz | individueller Geh\u00f6rschutz\",\"isPartOf\":{\"@id\":\"https:\/\/infield-safety.com\/#website\"},\"primaryImageOfPage\":{\"@id\":\"https:\/\/infield-safety.com\/produkte\/schutzbrillen\/buegelbrillen\/gutschein-65\/#primaryimage\"},\"image\":{\"@id\":\"https:\/\/infield-safety.com\/produkte\/schutzbrillen\/buegelbrillen\/gutschein-65\/#primaryimage\"},\"thumbnailUrl\":\"https:\/\/infield-safety.com\/wp-content\/uploads\/2022\/08\/9395145_terminatorplus_schwarz_p.webp\",\"datePublished\":\"2025-10-09T12:20:22+00:00\",\"dateModified\":\"2025-10-11T08:49:03+00:00\",\"description\":\"INFIELD Safety ist Hersteller von hochwertigen Schutzbrillen, speziell f\u00fcr Brillentr\u00e4ger (Korrektionsschutzbrillen) sowie individuellem Geh\u00f6rschutz\",\"breadcrumb\":{\"@id\":\"https:\/\/infield-safety.com\/produkte\/schutzbrillen\/buegelbrillen\/gutschein-65\/#breadcrumb\"},\"inLanguage\":\"en-US\",\"potentialAction\":[{\"@type\":\"ReadAction\",\"target\":[\"https:\/\/infield-safety.com\/produkte\/schutzbrillen\/buegelbrillen\/gutschein-65\/\"]}]},{\"@type\":\"ImageObject\",\"inLanguage\":\"en-US\",\"@id\":\"https:\/\/infield-safety.com\/produkte\/schutzbrillen\/buegelbrillen\/gutschein-65\/#primaryimage\",\"url\":\"https:\/\/infield-safety.com\/wp-content\/uploads\/2022\/08\/9395145_terminatorplus_schwarz_p.webp\",\"contentUrl\":\"https:\/\/infield-safety.com\/wp-content\/uploads\/2022\/08\/9395145_terminatorplus_schwarz_p.webp\",\"width\":1200,\"height\":1200},{\"@type\":\"BreadcrumbList\",\"@id\":\"https:\/\/infield-safety.com\/produkte\/schutzbrillen\/buegelbrillen\/gutschein-65\/#breadcrumb\",\"itemListElement\":[{\"@type\":\"ListItem\",\"position\":1,\"name\":\"Startseite\",\"item\":\"https:\/\/infield-safety.com\/en\/\"},{\"@type\":\"ListItem\",\"position\":2,\"name\":\"Products\",\"item\":\"https:\/\/infield-safety.com\/en\/products\/\"},{\"@type\":\"ListItem\",\"position\":3,\"name\":\"TERMINATOR PLUS OUTDOOR\"}]},{\"@type\":\"WebSite\",\"@id\":\"https:\/\/infield-safety.com\/#website\",\"url\":\"https:\/\/infield-safety.com\/\",\"name\":\"INFIELD SAFETY\",\"description\":\"individueller und professioneller Augen- und Geh\u00f6rschutz\",\"publisher\":{\"@id\":\"https:\/\/infield-safety.com\/#organization\"},\"potentialAction\":[{\"@type\":\"SearchAction\",\"target\":{\"@type\":\"EntryPoint\",\"urlTemplate\":\"https:\/\/infield-safety.com\/?s={search_term_string}\"},\"query-input\":{\"@type\":\"PropertyValueSpecification\",\"valueRequired\":true,\"valueName\":\"search_term_string\"}}],\"inLanguage\":\"en-US\"},{\"@type\":\"Organization\",\"@id\":\"https:\/\/infield-safety.com\/#organization\",\"name\":\"INFIELD SAFETY\",\"url\":\"https:\/\/infield-safety.com\/\",\"logo\":{\"@type\":\"ImageObject\",\"inLanguage\":\"en-US\",\"@id\":\"https:\/\/infield-safety.com\/#\/schema\/logo\/image\/\",\"url\":\"https:\/\/infield-safety.com\/wp-content\/uploads\/2023\/12\/infield-safety-logo-transparent-600x180-1.png\",\"contentUrl\":\"https:\/\/infield-safety.com\/wp-content\/uploads\/2023\/12\/infield-safety-logo-transparent-600x180-1.png\",\"width\":600,\"height\":180,\"caption\":\"INFIELD SAFETY\"},\"image\":{\"@id\":\"https:\/\/infield-safety.com\/#\/schema\/logo\/image\/\"}}]}<\/script>\n<!-- \/ Yoast SEO plugin. -->","yoast_head_json":{"title":"INFIELD-SAFETY | Schutzbrillen - Augenschutz | individueller Geh\u00f6rschutz","description":"INFIELD Safety ist Hersteller von hochwertigen Schutzbrillen, speziell f\u00fcr Brillentr\u00e4ger (Korrektionsschutzbrillen) sowie individuellem Geh\u00f6rschutz","robots":{"index":"index","follow":"follow","max-snippet":"max-snippet:-1","max-image-preview":"max-image-preview:large","max-video-preview":"max-video-preview:-1"},"canonical":"https:\/\/infield-safety.com\/produkte\/schutzbrillen\/buegelbrillen\/gutschein-65\/","og_locale":"en_US","og_type":"article","og_title":"INFIELD-SAFETY | Schutzbrillen - Augenschutz | individueller Geh\u00f6rschutz","og_description":"INFIELD Safety ist Hersteller von hochwertigen Schutzbrillen, speziell f\u00fcr Brillentr\u00e4ger (Korrektionsschutzbrillen) sowie individuellem Geh\u00f6rschutz","og_url":"https:\/\/infield-safety.com\/produkte\/schutzbrillen\/buegelbrillen\/gutschein-65\/","og_site_name":"INFIELD SAFETY","article_modified_time":"2025-10-11T08:49:03+00:00","og_image":[{"width":1200,"height":1200,"url":"https:\/\/infield-safety.com\/wp-content\/uploads\/2022\/08\/9395145_terminatorplus_schwarz_p.jpg","type":"image\/jpeg"}],"twitter_card":"summary_large_image","twitter_misc":{"Est. reading time":"2 minutes"},"schema":{"@context":"https:\/\/schema.org","@graph":[{"@type":"WebPage","@id":"https:\/\/infield-safety.com\/produkte\/schutzbrillen\/buegelbrillen\/gutschein-65\/","url":"https:\/\/infield-safety.com\/produkte\/schutzbrillen\/buegelbrillen\/gutschein-65\/","name":"INFIELD-SAFETY | Schutzbrillen - Augenschutz | individueller Geh\u00f6rschutz","isPartOf":{"@id":"https:\/\/infield-safety.com\/#website"},"primaryImageOfPage":{"@id":"https:\/\/infield-safety.com\/produkte\/schutzbrillen\/buegelbrillen\/gutschein-65\/#primaryimage"},"image":{"@id":"https:\/\/infield-safety.com\/produkte\/schutzbrillen\/buegelbrillen\/gutschein-65\/#primaryimage"},"thumbnailUrl":"https:\/\/infield-safety.com\/wp-content\/uploads\/2022\/08\/9395145_terminatorplus_schwarz_p.webp","datePublished":"2025-10-09T12:20:22+00:00","dateModified":"2025-10-11T08:49:03+00:00","description":"INFIELD Safety ist Hersteller von hochwertigen Schutzbrillen, speziell f\u00fcr Brillentr\u00e4ger (Korrektionsschutzbrillen) sowie individuellem Geh\u00f6rschutz","breadcrumb":{"@id":"https:\/\/infield-safety.com\/produkte\/schutzbrillen\/buegelbrillen\/gutschein-65\/#breadcrumb"},"inLanguage":"en-US","potentialAction":[{"@type":"ReadAction","target":["https:\/\/infield-safety.com\/produkte\/schutzbrillen\/buegelbrillen\/gutschein-65\/"]}]},{"@type":"ImageObject","inLanguage":"en-US","@id":"https:\/\/infield-safety.com\/produkte\/schutzbrillen\/buegelbrillen\/gutschein-65\/#primaryimage","url":"https:\/\/infield-safety.com\/wp-content\/uploads\/2022\/08\/9395145_terminatorplus_schwarz_p.webp","contentUrl":"https:\/\/infield-safety.com\/wp-content\/uploads\/2022\/08\/9395145_terminatorplus_schwarz_p.webp","width":1200,"height":1200},{"@type":"BreadcrumbList","@id":"https:\/\/infield-safety.com\/produkte\/schutzbrillen\/buegelbrillen\/gutschein-65\/#breadcrumb","itemListElement":[{"@type":"ListItem","position":1,"name":"Startseite","item":"https:\/\/infield-safety.com\/en\/"},{"@type":"ListItem","position":2,"name":"Products","item":"https:\/\/infield-safety.com\/en\/products\/"},{"@type":"ListItem","position":3,"name":"TERMINATOR PLUS OUTDOOR"}]},{"@type":"WebSite","@id":"https:\/\/infield-safety.com\/#website","url":"https:\/\/infield-safety.com\/","name":"INFIELD SAFETY","description":"individueller und professioneller Augen- und Geh\u00f6rschutz","publisher":{"@id":"https:\/\/infield-safety.com\/#organization"},"potentialAction":[{"@type":"SearchAction","target":{"@type":"EntryPoint","urlTemplate":"https:\/\/infield-safety.com\/?s={search_term_string}"},"query-input":{"@type":"PropertyValueSpecification","valueRequired":true,"valueName":"search_term_string"}}],"inLanguage":"en-US"},{"@type":"Organization","@id":"https:\/\/infield-safety.com\/#organization","name":"INFIELD SAFETY","url":"https:\/\/infield-safety.com\/","logo":{"@type":"ImageObject","inLanguage":"en-US","@id":"https:\/\/infield-safety.com\/#\/schema\/logo\/image\/","url":"https:\/\/infield-safety.com\/wp-content\/uploads\/2023\/12\/infield-safety-logo-transparent-600x180-1.png","contentUrl":"https:\/\/infield-safety.com\/wp-content\/uploads\/2023\/12\/infield-safety-logo-transparent-600x180-1.png","width":600,"height":180,"caption":"INFIELD SAFETY"},"image":{"@id":"https:\/\/infield-safety.com\/#\/schema\/logo\/image\/"}}]}},"_links":{"self":[{"href":"https:\/\/infield-safety.com\/en\/wp-json\/wp\/v2\/product\/25939","targetHints":{"allow":["GET"]}}],"collection":[{"href":"https:\/\/infield-safety.com\/en\/wp-json\/wp\/v2\/product"}],"about":[{"href":"https:\/\/infield-safety.com\/en\/wp-json\/wp\/v2\/types\/product"}],"wp:featuredmedia":[{"embeddable":true,"href":"https:\/\/infield-safety.com\/en\/wp-json\/wp\/v2\/media\/7094"}],"wp:attachment":[{"href":"https:\/\/infield-safety.com\/en\/wp-json\/wp\/v2\/media?parent=25939"}],"wp:term":[{"taxonomy":"product_brand","embeddable":true,"href":"https:\/\/infield-safety.com\/en\/wp-json\/wp\/v2\/product_brand?post=25939"},{"taxonomy":"product_cat","embeddable":true,"href":"https:\/\/infield-safety.com\/en\/wp-json\/wp\/v2\/product_cat?post=25939"},{"taxonomy":"product_tag","embeddable":true,"href":"https:\/\/infield-safety.com\/en\/wp-json\/wp\/v2\/product_tag?post=25939"}],"curies":[{"name":"wp","href":"https:\/\/api.w.org\/{rel}","templated":true}]}}