{"id":13700,"date":"2023-01-25T12:37:21","date_gmt":"2023-01-25T11:37:21","guid":{"rendered":"https:\/\/infield-safety.com\/mentions-legales\/"},"modified":"2024-06-03T13:38:43","modified_gmt":"2024-06-03T11:38:43","slug":"mentions-legales","status":"publish","type":"page","link":"https:\/\/infield-safety.com\/fr\/mentions-legales\/","title":{"rendered":"Mentions l\u00e9gales"},"content":{"rendered":"<div class=\"fusion-fullwidth fullwidth-box fusion-builder-row-1 fusion-flex-container nonhundred-percent-fullwidth non-hundred-percent-height-scrolling\" style=\"--awb-border-radius-top-left:0px;--awb-border-radius-top-right:0px;--awb-border-radius-bottom-right:0px;--awb-border-radius-bottom-left:0px;--awb-flex-wrap:wrap;\" ><div class=\"fusion-builder-row fusion-row fusion-flex-align-items-flex-start fusion-flex-content-wrap\" style=\"max-width:1248px;margin-left: calc(-4% \/ 2 );margin-right: calc(-4% \/ 2 );\"><div class=\"fusion-layout-column fusion_builder_column fusion-builder-column-0 fusion_builder_column_1_1 1_1 fusion-flex-column\" style=\"--awb-bg-size:cover;--awb-width-large:100%;--awb-margin-top-large:0px;--awb-spacing-right-large:1.92%;--awb-margin-bottom-large:0px;--awb-spacing-left-large:1.92%;--awb-width-medium:100%;--awb-spacing-right-medium:1.92%;--awb-spacing-left-medium:1.92%;--awb-width-small:100%;--awb-spacing-right-small:1.92%;--awb-spacing-left-small:1.92%;\"><div class=\"fusion-column-wrapper fusion-flex-justify-content-flex-start fusion-content-layout-column\"><div class=\"fusion-text fusion-text-1\"><p><strong>Herausgeber:<\/strong><br \/>\nINFIELD SAFETY GMBH<br \/>\nNordstra\u00dfe 10a<br \/>\n42719 Solingen<\/p>\n<p>Telefon: +49 212 23234 0<br \/>\nTelefax: +49 212 23234 99<\/p>\n<p>E-Mail: <a href=\"mailto:info@infield-safety.de\" target=\"_blank\" rel=\"noopener noreferrer\">info@infield-safety.de<\/a><\/p>\n<p>&nbsp;<\/p>\n<p>Steuer-Nr.: 13\/205\/42511<br \/>\nUST-Id.-Nr.: DE 228796587<br \/>\nGesch\u00e4ftsf\u00fchrung: Stephan Find, Alex Versteeg, Niccol\u00f2 Bencivenni<br \/>\nSitz der GmbH: Solingen<br \/>\nHandelsregister: Wuppertal HRB 16683<\/p>\n<p>Haftungsausschlu\u00df \/ Disclaimer<br \/>\nDie in dieser Web-Site programmierten Links k\u00f6nnen dazu f\u00fchren, dass Sie diese Website verlassen und auf die Web-Sites Dritter gelangen. Wir weisen vorsorglich darauf hin, dass wir auf Web-Sites Dritter keinen Einfluss haben und f\u00fcr den Inhalt fremder Web-Sites nicht verantwortlich sind. Die Existenz von Links zu Web-Sites Dritter stellt keine Empfehlung f\u00fcr diese Sites, die sie betreibenden Unternehmen oder deren Produkte durch uns dar. Ebenso haben wir keinerlei Einfluss darauf, ob Dritte von ihrer Web-Site zu unserer Web-Site Links einrichten. Die Existenz solcher Links ist daher ebenfalls kein Hinweis auf eine Zusammenarbeit Dritter mit uns oder auf eine Empfehlung von uns f\u00fcr den Dritten, seine Web-Site oder dessen Produkte.<\/p>\n<\/div><\/div><\/div><\/div><\/div>\n","protected":false},"excerpt":{"rendered":"","protected":false},"author":1,"featured_media":0,"parent":0,"menu_order":0,"comment_status":"closed","ping_status":"closed","template":"100-width.php","meta":{"footnotes":""},"class_list":["post-13700","page","type-page","status-publish","hentry"],"yoast_head":"<!-- This site is optimized with the Yoast SEO plugin v27.2 - https:\/\/yoast.com\/product\/yoast-seo-wordpress\/ -->\n<title>Mentions l\u00e9gales - INFIELD SAFETY<\/title>\n<meta name=\"robots\" content=\"index, follow, max-snippet:-1, max-image-preview:large, max-video-preview:-1\" \/>\n<link rel=\"canonical\" href=\"https:\/\/infield-safety.com\/fr\/mentions-legales\/\" \/>\n<meta property=\"og:locale\" content=\"fr_FR\" \/>\n<meta property=\"og:type\" content=\"article\" \/>\n<meta property=\"og:title\" content=\"Mentions l\u00e9gales - INFIELD SAFETY\" \/>\n<meta property=\"og:url\" content=\"https:\/\/infield-safety.com\/fr\/mentions-legales\/\" \/>\n<meta property=\"og:site_name\" content=\"INFIELD SAFETY\" \/>\n<meta property=\"article:modified_time\" content=\"2024-06-03T11:38:43+00:00\" \/>\n<meta name=\"twitter:card\" content=\"summary_large_image\" \/>\n<meta name=\"twitter:label1\" content=\"Dur\u00e9e de lecture estim\u00e9e\" \/>\n\t<meta name=\"twitter:data1\" content=\"1 minute\" \/>\n<script type=\"application\/ld+json\" class=\"yoast-schema-graph\">{\"@context\":\"https:\/\/schema.org\",\"@graph\":[{\"@type\":\"WebPage\",\"@id\":\"https:\/\/infield-safety.com\/fr\/mentions-legales\/\",\"url\":\"https:\/\/infield-safety.com\/fr\/mentions-legales\/\",\"name\":\"Mentions l\u00e9gales - INFIELD SAFETY\",\"isPartOf\":{\"@id\":\"https:\/\/infield-safety.com\/#website\"},\"datePublished\":\"2023-01-25T11:37:21+00:00\",\"dateModified\":\"2024-06-03T11:38:43+00:00\",\"breadcrumb\":{\"@id\":\"https:\/\/infield-safety.com\/fr\/mentions-legales\/#breadcrumb\"},\"inLanguage\":\"fr-FR\",\"potentialAction\":[{\"@type\":\"ReadAction\",\"target\":[\"https:\/\/infield-safety.com\/fr\/mentions-legales\/\"]}]},{\"@type\":\"BreadcrumbList\",\"@id\":\"https:\/\/infield-safety.com\/fr\/mentions-legales\/#breadcrumb\",\"itemListElement\":[{\"@type\":\"ListItem\",\"position\":1,\"name\":\"Startseite\",\"item\":\"https:\/\/infield-safety.com\/fr\/\"},{\"@type\":\"ListItem\",\"position\":2,\"name\":\"Mentions l\u00e9gales\"}]},{\"@type\":\"WebSite\",\"@id\":\"https:\/\/infield-safety.com\/#website\",\"url\":\"https:\/\/infield-safety.com\/\",\"name\":\"INFIELD SAFETY\",\"description\":\"individueller und professioneller Augen- und Geh\u00f6rschutz\",\"publisher\":{\"@id\":\"https:\/\/infield-safety.com\/#organization\"},\"potentialAction\":[{\"@type\":\"SearchAction\",\"target\":{\"@type\":\"EntryPoint\",\"urlTemplate\":\"https:\/\/infield-safety.com\/?s={search_term_string}\"},\"query-input\":{\"@type\":\"PropertyValueSpecification\",\"valueRequired\":true,\"valueName\":\"search_term_string\"}}],\"inLanguage\":\"fr-FR\"},{\"@type\":\"Organization\",\"@id\":\"https:\/\/infield-safety.com\/#organization\",\"name\":\"INFIELD SAFETY\",\"url\":\"https:\/\/infield-safety.com\/\",\"logo\":{\"@type\":\"ImageObject\",\"inLanguage\":\"fr-FR\",\"@id\":\"https:\/\/infield-safety.com\/#\/schema\/logo\/image\/\",\"url\":\"https:\/\/infield-safety.com\/wp-content\/uploads\/2023\/12\/infield-safety-logo-transparent-600x180-1.png\",\"contentUrl\":\"https:\/\/infield-safety.com\/wp-content\/uploads\/2023\/12\/infield-safety-logo-transparent-600x180-1.png\",\"width\":600,\"height\":180,\"caption\":\"INFIELD SAFETY\"},\"image\":{\"@id\":\"https:\/\/infield-safety.com\/#\/schema\/logo\/image\/\"}}]}<\/script>\n<!-- \/ Yoast SEO plugin. -->","yoast_head_json":{"title":"Mentions l\u00e9gales - INFIELD SAFETY","robots":{"index":"index","follow":"follow","max-snippet":"max-snippet:-1","max-image-preview":"max-image-preview:large","max-video-preview":"max-video-preview:-1"},"canonical":"https:\/\/infield-safety.com\/fr\/mentions-legales\/","og_locale":"fr_FR","og_type":"article","og_title":"Mentions l\u00e9gales - INFIELD SAFETY","og_url":"https:\/\/infield-safety.com\/fr\/mentions-legales\/","og_site_name":"INFIELD SAFETY","article_modified_time":"2024-06-03T11:38:43+00:00","twitter_card":"summary_large_image","twitter_misc":{"Dur\u00e9e de lecture estim\u00e9e":"1 minute"},"schema":{"@context":"https:\/\/schema.org","@graph":[{"@type":"WebPage","@id":"https:\/\/infield-safety.com\/fr\/mentions-legales\/","url":"https:\/\/infield-safety.com\/fr\/mentions-legales\/","name":"Mentions l\u00e9gales - INFIELD SAFETY","isPartOf":{"@id":"https:\/\/infield-safety.com\/#website"},"datePublished":"2023-01-25T11:37:21+00:00","dateModified":"2024-06-03T11:38:43+00:00","breadcrumb":{"@id":"https:\/\/infield-safety.com\/fr\/mentions-legales\/#breadcrumb"},"inLanguage":"fr-FR","potentialAction":[{"@type":"ReadAction","target":["https:\/\/infield-safety.com\/fr\/mentions-legales\/"]}]},{"@type":"BreadcrumbList","@id":"https:\/\/infield-safety.com\/fr\/mentions-legales\/#breadcrumb","itemListElement":[{"@type":"ListItem","position":1,"name":"Startseite","item":"https:\/\/infield-safety.com\/fr\/"},{"@type":"ListItem","position":2,"name":"Mentions l\u00e9gales"}]},{"@type":"WebSite","@id":"https:\/\/infield-safety.com\/#website","url":"https:\/\/infield-safety.com\/","name":"INFIELD SAFETY","description":"individueller und professioneller Augen- und Geh\u00f6rschutz","publisher":{"@id":"https:\/\/infield-safety.com\/#organization"},"potentialAction":[{"@type":"SearchAction","target":{"@type":"EntryPoint","urlTemplate":"https:\/\/infield-safety.com\/?s={search_term_string}"},"query-input":{"@type":"PropertyValueSpecification","valueRequired":true,"valueName":"search_term_string"}}],"inLanguage":"fr-FR"},{"@type":"Organization","@id":"https:\/\/infield-safety.com\/#organization","name":"INFIELD SAFETY","url":"https:\/\/infield-safety.com\/","logo":{"@type":"ImageObject","inLanguage":"fr-FR","@id":"https:\/\/infield-safety.com\/#\/schema\/logo\/image\/","url":"https:\/\/infield-safety.com\/wp-content\/uploads\/2023\/12\/infield-safety-logo-transparent-600x180-1.png","contentUrl":"https:\/\/infield-safety.com\/wp-content\/uploads\/2023\/12\/infield-safety-logo-transparent-600x180-1.png","width":600,"height":180,"caption":"INFIELD SAFETY"},"image":{"@id":"https:\/\/infield-safety.com\/#\/schema\/logo\/image\/"}}]}},"_links":{"self":[{"href":"https:\/\/infield-safety.com\/fr\/wp-json\/wp\/v2\/pages\/13700","targetHints":{"allow":["GET"]}}],"collection":[{"href":"https:\/\/infield-safety.com\/fr\/wp-json\/wp\/v2\/pages"}],"about":[{"href":"https:\/\/infield-safety.com\/fr\/wp-json\/wp\/v2\/types\/page"}],"author":[{"embeddable":true,"href":"https:\/\/infield-safety.com\/fr\/wp-json\/wp\/v2\/users\/1"}],"replies":[{"embeddable":true,"href":"https:\/\/infield-safety.com\/fr\/wp-json\/wp\/v2\/comments?post=13700"}],"version-history":[{"count":0,"href":"https:\/\/infield-safety.com\/fr\/wp-json\/wp\/v2\/pages\/13700\/revisions"}],"wp:attachment":[{"href":"https:\/\/infield-safety.com\/fr\/wp-json\/wp\/v2\/media?parent=13700"}],"curies":[{"name":"wp","href":"https:\/\/api.w.org\/{rel}","templated":true}]}}