{"id":15428,"date":"2024-05-15T20:14:38","date_gmt":"2024-05-15T18:14:38","guid":{"rendered":"https:\/\/infield-safety.com\/protection-des-yeux\/lunettes-pour-ecran\/documents-telechargements-office-lunettes\/"},"modified":"2025-05-22T11:46:09","modified_gmt":"2025-05-22T09:46:09","slug":"documents-telechargements-lunettes-ecran","status":"publish","type":"page","link":"https:\/\/infield-safety.com\/fr\/protection-des-yeux\/lunettes-pour-ecran\/documents-telechargements-lunettes-ecran\/","title":{"rendered":"Documents &#038; T\u00e9l\u00e9chargements Lunettes \u00c9cran"},"content":{"rendered":"<div class=\"fusion-fullwidth fullwidth-box fusion-builder-row-1 fusion-flex-container has-pattern-background has-mask-background nonhundred-percent-fullwidth non-hundred-percent-height-scrolling\" style=\"--awb-border-radius-top-left:0px;--awb-border-radius-top-right:0px;--awb-border-radius-bottom-right:0px;--awb-border-radius-bottom-left:0px;--awb-flex-wrap:wrap;\" ><div class=\"fusion-builder-row fusion-row fusion-flex-align-items-flex-start fusion-flex-content-wrap\" style=\"max-width:1248px;margin-left: calc(-4% \/ 2 );margin-right: calc(-4% \/ 2 );\"><div class=\"fusion-layout-column fusion_builder_column fusion-builder-column-0 fusion_builder_column_1_1 1_1 fusion-flex-column\" style=\"--awb-bg-size:cover;--awb-width-large:100%;--awb-margin-top-large:0px;--awb-spacing-right-large:1.92%;--awb-margin-bottom-large:20px;--awb-spacing-left-large:1.92%;--awb-width-medium:100%;--awb-order-medium:0;--awb-spacing-right-medium:1.92%;--awb-spacing-left-medium:1.92%;--awb-width-small:100%;--awb-order-small:0;--awb-spacing-right-small:1.92%;--awb-spacing-left-small:1.92%;\"><div class=\"fusion-column-wrapper fusion-column-has-shadow fusion-flex-justify-content-flex-start fusion-content-layout-column\"><div class=\"fusion-title title fusion-title-1 fusion-sep-none fusion-title-text fusion-title-size-six\" style=\"--awb-margin-top-small:10px;--awb-margin-right-small:0px;--awb-margin-bottom-small:10px;--awb-margin-left-small:0px;\"><h6 class=\"fusion-title-heading title-heading-left\" style=\"margin:0;text-transform:uppercase;\">Catalogue<\/h6><\/div><div class=\"fusion-section-separator section-separator bigtriangle fusion-section-separator-1\" style=\"--awb-spacer-height:99px;--awb-svg-margin-left:1.92%;--awb-svg-margin-right:1.92%;--awb-svg-margin-left-medium:1.92%;--awb-svg-margin-right-medium:1.92%;--awb-svg-margin-left-small:1.92%;--awb-svg-margin-right-small:1.92%;--awb-divider-height:99px;--awb-spacer-padding-top:inherit;--awb-sep-padding:0;--awb-svg-padding:0;\"><div class=\"fusion-section-separator-svg\"><svg class=\"fusion-big-triangle-candy\" xmlns=\"http:\/\/www.w3.org\/2000\/svg\" version=\"1.1\" width=\"100%\" height=\"100\" viewBox=\"0 0 100 100\" preserveAspectRatio=\"none\" fill=\"rgba(249,249,251,1)\"><path d=\"M0 -1 L25 100 L101 -1 Z\"><\/path><\/svg><\/div><div class=\"fusion-section-separator-spacer\"><div class=\"fusion-section-separator-spacer-height\"><\/div><\/div><\/div><div class=\"fusion-text fusion-text-1\"><div class=\"_df_book df-lite\" id=\"df_14700\"  _slug=\"informations-sur-les-lunettes-pour-le-travail-sur-ecran\" data-title=\"informations-sur-les-lunettes-pour-le-travail-sur-ecran\" wpoptions=\"true\" thumb=\"https:\/\/infield-safety.com\/wp-content\/uploads\/2024\/06\/informations-lunettes-travail-ecran.png\" thumbtype=\"\" ><\/div><script class=\"df-shortcode-script\" nowprocket type=\"application\/javascript\">window.option_df_14700 = {\"outline\":[],\"autoEnableOutline\":\"false\",\"autoEnableThumbnail\":\"false\",\"overwritePDFOutline\":\"false\",\"direction\":\"1\",\"pageSize\":\"0\",\"source\":\"https:\\\/\\\/infield-safety.com\\\/wp-content\\\/uploads\\\/2024\\\/06\\\/informations-lunettes-travail-ecran.pdf\",\"wpOptions\":\"true\"}; if(window.DFLIP && window.DFLIP.parseBooks){window.DFLIP.parseBooks();}<\/script>\n<\/div><\/div><\/div><\/div><\/div>\n","protected":false},"excerpt":{"rendered":"","protected":false},"author":1,"featured_media":0,"parent":9932,"menu_order":0,"comment_status":"closed","ping_status":"closed","template":"","meta":{"footnotes":""},"class_list":["post-15428","page","type-page","status-publish","hentry"],"yoast_head":"<!-- This site is optimized with the Yoast SEO plugin v27.2 - https:\/\/yoast.com\/product\/yoast-seo-wordpress\/ -->\n<title>Documents &amp; T\u00e9l\u00e9chargements Lunettes \u00c9cran - INFIELD SAFETY<\/title>\n<meta name=\"robots\" content=\"index, follow, max-snippet:-1, max-image-preview:large, max-video-preview:-1\" \/>\n<link rel=\"canonical\" href=\"https:\/\/infield-safety.com\/fr\/protection-des-yeux\/lunettes-pour-ecran\/documents-telechargements-lunettes-ecran\/\" \/>\n<meta property=\"og:locale\" content=\"fr_FR\" \/>\n<meta property=\"og:type\" content=\"article\" \/>\n<meta property=\"og:title\" content=\"Documents &amp; T\u00e9l\u00e9chargements Lunettes \u00c9cran - INFIELD SAFETY\" \/>\n<meta property=\"og:url\" content=\"https:\/\/infield-safety.com\/fr\/protection-des-yeux\/lunettes-pour-ecran\/documents-telechargements-lunettes-ecran\/\" \/>\n<meta property=\"og:site_name\" content=\"INFIELD SAFETY\" \/>\n<meta property=\"article:modified_time\" content=\"2025-05-22T09:46:09+00:00\" \/>\n<meta name=\"twitter:card\" content=\"summary_large_image\" \/>\n<meta name=\"twitter:label1\" content=\"Dur\u00e9e de lecture estim\u00e9e\" \/>\n\t<meta name=\"twitter:data1\" content=\"7 minutes\" \/>\n<script type=\"application\/ld+json\" class=\"yoast-schema-graph\">{\"@context\":\"https:\/\/schema.org\",\"@graph\":[{\"@type\":\"WebPage\",\"@id\":\"https:\/\/infield-safety.com\/fr\/protection-des-yeux\/lunettes-pour-ecran\/documents-telechargements-lunettes-ecran\/\",\"url\":\"https:\/\/infield-safety.com\/fr\/protection-des-yeux\/lunettes-pour-ecran\/documents-telechargements-lunettes-ecran\/\",\"name\":\"Documents & T\u00e9l\u00e9chargements Lunettes \u00c9cran - INFIELD SAFETY\",\"isPartOf\":{\"@id\":\"https:\/\/infield-safety.com\/#website\"},\"datePublished\":\"2024-05-15T18:14:38+00:00\",\"dateModified\":\"2025-05-22T09:46:09+00:00\",\"breadcrumb\":{\"@id\":\"https:\/\/infield-safety.com\/fr\/protection-des-yeux\/lunettes-pour-ecran\/documents-telechargements-lunettes-ecran\/#breadcrumb\"},\"inLanguage\":\"fr-FR\",\"potentialAction\":[{\"@type\":\"ReadAction\",\"target\":[\"https:\/\/infield-safety.com\/fr\/protection-des-yeux\/lunettes-pour-ecran\/documents-telechargements-lunettes-ecran\/\"]}]},{\"@type\":\"BreadcrumbList\",\"@id\":\"https:\/\/infield-safety.com\/fr\/protection-des-yeux\/lunettes-pour-ecran\/documents-telechargements-lunettes-ecran\/#breadcrumb\",\"itemListElement\":[{\"@type\":\"ListItem\",\"position\":1,\"name\":\"Startseite\",\"item\":\"https:\/\/infield-safety.com\/fr\/\"},{\"@type\":\"ListItem\",\"position\":2,\"name\":\"Protection des yeux\",\"item\":\"https:\/\/infield-safety.com\/augenschutz\/\"},{\"@type\":\"ListItem\",\"position\":3,\"name\":\"Lunettes pour \u00e9cran\",\"item\":\"https:\/\/infield-safety.com\/augenschutz\/office-brillen\/\"},{\"@type\":\"ListItem\",\"position\":4,\"name\":\"Documents &#038; T\u00e9l\u00e9chargements Lunettes \u00c9cran\"}]},{\"@type\":\"WebSite\",\"@id\":\"https:\/\/infield-safety.com\/#website\",\"url\":\"https:\/\/infield-safety.com\/\",\"name\":\"INFIELD SAFETY\",\"description\":\"individueller und professioneller Augen- und Geh\u00f6rschutz\",\"publisher\":{\"@id\":\"https:\/\/infield-safety.com\/#organization\"},\"potentialAction\":[{\"@type\":\"SearchAction\",\"target\":{\"@type\":\"EntryPoint\",\"urlTemplate\":\"https:\/\/infield-safety.com\/?s={search_term_string}\"},\"query-input\":{\"@type\":\"PropertyValueSpecification\",\"valueRequired\":true,\"valueName\":\"search_term_string\"}}],\"inLanguage\":\"fr-FR\"},{\"@type\":\"Organization\",\"@id\":\"https:\/\/infield-safety.com\/#organization\",\"name\":\"INFIELD SAFETY\",\"url\":\"https:\/\/infield-safety.com\/\",\"logo\":{\"@type\":\"ImageObject\",\"inLanguage\":\"fr-FR\",\"@id\":\"https:\/\/infield-safety.com\/#\/schema\/logo\/image\/\",\"url\":\"https:\/\/infield-safety.com\/wp-content\/uploads\/2023\/12\/infield-safety-logo-transparent-600x180-1.png\",\"contentUrl\":\"https:\/\/infield-safety.com\/wp-content\/uploads\/2023\/12\/infield-safety-logo-transparent-600x180-1.png\",\"width\":600,\"height\":180,\"caption\":\"INFIELD SAFETY\"},\"image\":{\"@id\":\"https:\/\/infield-safety.com\/#\/schema\/logo\/image\/\"}}]}<\/script>\n<!-- \/ Yoast SEO plugin. -->","yoast_head_json":{"title":"Documents & T\u00e9l\u00e9chargements Lunettes \u00c9cran - INFIELD SAFETY","robots":{"index":"index","follow":"follow","max-snippet":"max-snippet:-1","max-image-preview":"max-image-preview:large","max-video-preview":"max-video-preview:-1"},"canonical":"https:\/\/infield-safety.com\/fr\/protection-des-yeux\/lunettes-pour-ecran\/documents-telechargements-lunettes-ecran\/","og_locale":"fr_FR","og_type":"article","og_title":"Documents & T\u00e9l\u00e9chargements Lunettes \u00c9cran - INFIELD SAFETY","og_url":"https:\/\/infield-safety.com\/fr\/protection-des-yeux\/lunettes-pour-ecran\/documents-telechargements-lunettes-ecran\/","og_site_name":"INFIELD SAFETY","article_modified_time":"2025-05-22T09:46:09+00:00","twitter_card":"summary_large_image","twitter_misc":{"Dur\u00e9e de lecture estim\u00e9e":"7 minutes"},"schema":{"@context":"https:\/\/schema.org","@graph":[{"@type":"WebPage","@id":"https:\/\/infield-safety.com\/fr\/protection-des-yeux\/lunettes-pour-ecran\/documents-telechargements-lunettes-ecran\/","url":"https:\/\/infield-safety.com\/fr\/protection-des-yeux\/lunettes-pour-ecran\/documents-telechargements-lunettes-ecran\/","name":"Documents & T\u00e9l\u00e9chargements Lunettes \u00c9cran - INFIELD SAFETY","isPartOf":{"@id":"https:\/\/infield-safety.com\/#website"},"datePublished":"2024-05-15T18:14:38+00:00","dateModified":"2025-05-22T09:46:09+00:00","breadcrumb":{"@id":"https:\/\/infield-safety.com\/fr\/protection-des-yeux\/lunettes-pour-ecran\/documents-telechargements-lunettes-ecran\/#breadcrumb"},"inLanguage":"fr-FR","potentialAction":[{"@type":"ReadAction","target":["https:\/\/infield-safety.com\/fr\/protection-des-yeux\/lunettes-pour-ecran\/documents-telechargements-lunettes-ecran\/"]}]},{"@type":"BreadcrumbList","@id":"https:\/\/infield-safety.com\/fr\/protection-des-yeux\/lunettes-pour-ecran\/documents-telechargements-lunettes-ecran\/#breadcrumb","itemListElement":[{"@type":"ListItem","position":1,"name":"Startseite","item":"https:\/\/infield-safety.com\/fr\/"},{"@type":"ListItem","position":2,"name":"Protection des yeux","item":"https:\/\/infield-safety.com\/augenschutz\/"},{"@type":"ListItem","position":3,"name":"Lunettes pour \u00e9cran","item":"https:\/\/infield-safety.com\/augenschutz\/office-brillen\/"},{"@type":"ListItem","position":4,"name":"Documents &#038; T\u00e9l\u00e9chargements Lunettes \u00c9cran"}]},{"@type":"WebSite","@id":"https:\/\/infield-safety.com\/#website","url":"https:\/\/infield-safety.com\/","name":"INFIELD SAFETY","description":"individueller und professioneller Augen- und Geh\u00f6rschutz","publisher":{"@id":"https:\/\/infield-safety.com\/#organization"},"potentialAction":[{"@type":"SearchAction","target":{"@type":"EntryPoint","urlTemplate":"https:\/\/infield-safety.com\/?s={search_term_string}"},"query-input":{"@type":"PropertyValueSpecification","valueRequired":true,"valueName":"search_term_string"}}],"inLanguage":"fr-FR"},{"@type":"Organization","@id":"https:\/\/infield-safety.com\/#organization","name":"INFIELD SAFETY","url":"https:\/\/infield-safety.com\/","logo":{"@type":"ImageObject","inLanguage":"fr-FR","@id":"https:\/\/infield-safety.com\/#\/schema\/logo\/image\/","url":"https:\/\/infield-safety.com\/wp-content\/uploads\/2023\/12\/infield-safety-logo-transparent-600x180-1.png","contentUrl":"https:\/\/infield-safety.com\/wp-content\/uploads\/2023\/12\/infield-safety-logo-transparent-600x180-1.png","width":600,"height":180,"caption":"INFIELD SAFETY"},"image":{"@id":"https:\/\/infield-safety.com\/#\/schema\/logo\/image\/"}}]}},"_links":{"self":[{"href":"https:\/\/infield-safety.com\/fr\/wp-json\/wp\/v2\/pages\/15428","targetHints":{"allow":["GET"]}}],"collection":[{"href":"https:\/\/infield-safety.com\/fr\/wp-json\/wp\/v2\/pages"}],"about":[{"href":"https:\/\/infield-safety.com\/fr\/wp-json\/wp\/v2\/types\/page"}],"author":[{"embeddable":true,"href":"https:\/\/infield-safety.com\/fr\/wp-json\/wp\/v2\/users\/1"}],"replies":[{"embeddable":true,"href":"https:\/\/infield-safety.com\/fr\/wp-json\/wp\/v2\/comments?post=15428"}],"version-history":[{"count":2,"href":"https:\/\/infield-safety.com\/fr\/wp-json\/wp\/v2\/pages\/15428\/revisions"}],"predecessor-version":[{"id":18673,"href":"https:\/\/infield-safety.com\/fr\/wp-json\/wp\/v2\/pages\/15428\/revisions\/18673"}],"up":[{"embeddable":true,"href":"https:\/\/infield-safety.com\/fr\/wp-json\/wp\/v2\/pages\/9932"}],"wp:attachment":[{"href":"https:\/\/infield-safety.com\/fr\/wp-json\/wp\/v2\/media?parent=15428"}],"curies":[{"name":"wp","href":"https:\/\/api.w.org\/{rel}","templated":true}]}}