{"id":26011,"date":"2025-10-09T14:04:54","date_gmt":"2025-10-09T12:04:54","guid":{"rendered":"https:\/\/infield-safety.com\/produkte\/non%20class\u00e9\/defendor\/"},"modified":"2025-10-20T11:52:32","modified_gmt":"2025-10-20T09:52:32","slug":"gutschein-3","status":"publish","type":"product","link":"https:\/\/infield-safety.com\/fr\/produkte\/lunettes-de-protection\/lunettes-masques\/gutschein-3\/","title":{"rendered":"DEFENDOR"},"content":{"rendered":"<h3>Les lunettes de protection int\u00e9grale compactes<\/h3>\n<p>Les lunettes de protection int\u00e9grales de la s\u00e9rie DEFENDOR sont particuli\u00e8rement compactes et l\u00e9g\u00e8res. Gr\u00e2ce \u00e0 leur assise \u00e9tanche et \u00e0 leur champ de vision illimit\u00e9, les mod\u00e8les DEFENDOR sont particuli\u00e8rement adapt\u00e9s aux activit\u00e9s dans des environnements poussi\u00e9reux et \u00e0 la manipulation de liquides.<\/p>\n","protected":false},"excerpt":{"rendered":"<p>Les lunettes de protection int\u00e9grale compactes Les lunettes de protection  [&#8230;]<\/p>\n","protected":false},"featured_media":8159,"template":"","meta":[],"product_brand":[],"product_cat":[820,834],"product_tag":[],"class_list":{"0":"post-26011","1":"product","2":"type-product","3":"status-publish","4":"has-post-thumbnail","6":"product_cat-lunettes-de-protection","7":"product_cat-lunettes-masques","8":"pa_designation-defendor-noir-orange-af-as-antibuee-antistatique","9":"pa_designation-defendor-noir-orange-hc-af-as-anti-rayures-anti-buee-antistatique","10":"pa_designation-defendor-noir-orange-sun-gris-af-as-antibuee-antistatique","11":"pa_designation-defendor-noir-turquoise-af-as-antibuee-antistatique","12":"pa_designation-defendor-noir-turquoise-hc-af-as-anti-rayures-anti-buee-antistatique","13":"pa_designation-defendor-noir-turquoise-sun-gris-af-as-antibuee-antistatique","15":"first","16":"instock","17":"product-type-variable","18":"has-default-attributes","19":"wvs-archive-product-wrapper"},"yoast_head":"<!-- This site is optimized with the Yoast SEO plugin v27.2 - https:\/\/yoast.com\/product\/yoast-seo-wordpress\/ -->\n<title>INFIELD-SAFETY | Schutzbrillen - Augenschutz | individueller Geh\u00f6rschutz<\/title>\n<meta name=\"description\" content=\"INFIELD Safety ist Hersteller von hochwertigen Schutzbrillen, speziell f\u00fcr Brillentr\u00e4ger (Korrektionsschutzbrillen) sowie individuellem Geh\u00f6rschutz\" \/>\n<meta name=\"robots\" content=\"index, follow, max-snippet:-1, max-image-preview:large, max-video-preview:-1\" \/>\n<link rel=\"canonical\" href=\"https:\/\/infield-safety.com\/fr\/produkte\/lunettes-de-protection\/lunettes-masques\/gutschein-3\/\" \/>\n<meta property=\"og:locale\" content=\"fr_FR\" \/>\n<meta property=\"og:type\" content=\"article\" \/>\n<meta property=\"og:title\" content=\"INFIELD-SAFETY | Schutzbrillen - Augenschutz | individueller Geh\u00f6rschutz\" \/>\n<meta property=\"og:description\" content=\"INFIELD Safety ist Hersteller von hochwertigen Schutzbrillen, speziell f\u00fcr Brillentr\u00e4ger (Korrektionsschutzbrillen) sowie individuellem Geh\u00f6rschutz\" \/>\n<meta property=\"og:url\" content=\"https:\/\/infield-safety.com\/fr\/produkte\/lunettes-de-protection\/lunettes-masques\/gutschein-3\/\" \/>\n<meta property=\"og:site_name\" content=\"INFIELD SAFETY\" \/>\n<meta property=\"article:modified_time\" content=\"2025-10-20T09:52:32+00:00\" \/>\n<meta property=\"og:image\" content=\"https:\/\/infield-safety.com\/wp-content\/uploads\/2022\/08\/9594165_defendor_tuerkis_p.jpg\" \/>\n\t<meta property=\"og:image:width\" content=\"1200\" \/>\n\t<meta property=\"og:image:height\" content=\"1200\" \/>\n\t<meta property=\"og:image:type\" content=\"image\/jpeg\" \/>\n<meta name=\"twitter:card\" content=\"summary_large_image\" \/>\n<meta name=\"twitter:label1\" content=\"Dur\u00e9e de lecture estim\u00e9e\" \/>\n\t<meta name=\"twitter:data1\" content=\"2 minutes\" \/>\n<script type=\"application\/ld+json\" class=\"yoast-schema-graph\">{\"@context\":\"https:\/\/schema.org\",\"@graph\":[{\"@type\":\"WebPage\",\"@id\":\"https:\/\/infield-safety.com\/fr\/produkte\/lunettes-de-protection\/lunettes-masques\/gutschein-3\/\",\"url\":\"https:\/\/infield-safety.com\/fr\/produkte\/lunettes-de-protection\/lunettes-masques\/gutschein-3\/\",\"name\":\"INFIELD-SAFETY | Schutzbrillen - Augenschutz | individueller Geh\u00f6rschutz\",\"isPartOf\":{\"@id\":\"https:\/\/infield-safety.com\/#website\"},\"primaryImageOfPage\":{\"@id\":\"https:\/\/infield-safety.com\/fr\/produkte\/lunettes-de-protection\/lunettes-masques\/gutschein-3\/#primaryimage\"},\"image\":{\"@id\":\"https:\/\/infield-safety.com\/fr\/produkte\/lunettes-de-protection\/lunettes-masques\/gutschein-3\/#primaryimage\"},\"thumbnailUrl\":\"https:\/\/infield-safety.com\/wp-content\/uploads\/2022\/08\/9594165_defendor_tuerkis_p.webp\",\"datePublished\":\"2025-10-09T12:04:54+00:00\",\"dateModified\":\"2025-10-20T09:52:32+00:00\",\"description\":\"INFIELD Safety ist Hersteller von hochwertigen Schutzbrillen, speziell f\u00fcr Brillentr\u00e4ger (Korrektionsschutzbrillen) sowie individuellem Geh\u00f6rschutz\",\"breadcrumb\":{\"@id\":\"https:\/\/infield-safety.com\/fr\/produkte\/lunettes-de-protection\/lunettes-masques\/gutschein-3\/#breadcrumb\"},\"inLanguage\":\"fr-FR\",\"potentialAction\":[{\"@type\":\"ReadAction\",\"target\":[\"https:\/\/infield-safety.com\/fr\/produkte\/lunettes-de-protection\/lunettes-masques\/gutschein-3\/\"]}]},{\"@type\":\"ImageObject\",\"inLanguage\":\"fr-FR\",\"@id\":\"https:\/\/infield-safety.com\/fr\/produkte\/lunettes-de-protection\/lunettes-masques\/gutschein-3\/#primaryimage\",\"url\":\"https:\/\/infield-safety.com\/wp-content\/uploads\/2022\/08\/9594165_defendor_tuerkis_p.webp\",\"contentUrl\":\"https:\/\/infield-safety.com\/wp-content\/uploads\/2022\/08\/9594165_defendor_tuerkis_p.webp\",\"width\":1200,\"height\":1200},{\"@type\":\"BreadcrumbList\",\"@id\":\"https:\/\/infield-safety.com\/fr\/produkte\/lunettes-de-protection\/lunettes-masques\/gutschein-3\/#breadcrumb\",\"itemListElement\":[{\"@type\":\"ListItem\",\"position\":1,\"name\":\"Startseite\",\"item\":\"https:\/\/infield-safety.com\/fr\/\"},{\"@type\":\"ListItem\",\"position\":2,\"name\":\"Produits\",\"item\":\"https:\/\/infield-safety.com\/produkte\/\"},{\"@type\":\"ListItem\",\"position\":3,\"name\":\"DEFENDOR\"}]},{\"@type\":\"WebSite\",\"@id\":\"https:\/\/infield-safety.com\/#website\",\"url\":\"https:\/\/infield-safety.com\/\",\"name\":\"INFIELD SAFETY\",\"description\":\"individueller und professioneller Augen- und Geh\u00f6rschutz\",\"publisher\":{\"@id\":\"https:\/\/infield-safety.com\/#organization\"},\"potentialAction\":[{\"@type\":\"SearchAction\",\"target\":{\"@type\":\"EntryPoint\",\"urlTemplate\":\"https:\/\/infield-safety.com\/?s={search_term_string}\"},\"query-input\":{\"@type\":\"PropertyValueSpecification\",\"valueRequired\":true,\"valueName\":\"search_term_string\"}}],\"inLanguage\":\"fr-FR\"},{\"@type\":\"Organization\",\"@id\":\"https:\/\/infield-safety.com\/#organization\",\"name\":\"INFIELD SAFETY\",\"url\":\"https:\/\/infield-safety.com\/\",\"logo\":{\"@type\":\"ImageObject\",\"inLanguage\":\"fr-FR\",\"@id\":\"https:\/\/infield-safety.com\/#\/schema\/logo\/image\/\",\"url\":\"https:\/\/infield-safety.com\/wp-content\/uploads\/2023\/12\/infield-safety-logo-transparent-600x180-1.png\",\"contentUrl\":\"https:\/\/infield-safety.com\/wp-content\/uploads\/2023\/12\/infield-safety-logo-transparent-600x180-1.png\",\"width\":600,\"height\":180,\"caption\":\"INFIELD SAFETY\"},\"image\":{\"@id\":\"https:\/\/infield-safety.com\/#\/schema\/logo\/image\/\"}}]}<\/script>\n<!-- \/ Yoast SEO plugin. -->","yoast_head_json":{"title":"INFIELD-SAFETY | Schutzbrillen - Augenschutz | individueller Geh\u00f6rschutz","description":"INFIELD Safety ist Hersteller von hochwertigen Schutzbrillen, speziell f\u00fcr Brillentr\u00e4ger (Korrektionsschutzbrillen) sowie individuellem Geh\u00f6rschutz","robots":{"index":"index","follow":"follow","max-snippet":"max-snippet:-1","max-image-preview":"max-image-preview:large","max-video-preview":"max-video-preview:-1"},"canonical":"https:\/\/infield-safety.com\/fr\/produkte\/lunettes-de-protection\/lunettes-masques\/gutschein-3\/","og_locale":"fr_FR","og_type":"article","og_title":"INFIELD-SAFETY | Schutzbrillen - Augenschutz | individueller Geh\u00f6rschutz","og_description":"INFIELD Safety ist Hersteller von hochwertigen Schutzbrillen, speziell f\u00fcr Brillentr\u00e4ger (Korrektionsschutzbrillen) sowie individuellem Geh\u00f6rschutz","og_url":"https:\/\/infield-safety.com\/fr\/produkte\/lunettes-de-protection\/lunettes-masques\/gutschein-3\/","og_site_name":"INFIELD SAFETY","article_modified_time":"2025-10-20T09:52:32+00:00","og_image":[{"width":1200,"height":1200,"url":"https:\/\/infield-safety.com\/wp-content\/uploads\/2022\/08\/9594165_defendor_tuerkis_p.jpg","type":"image\/jpeg"}],"twitter_card":"summary_large_image","twitter_misc":{"Dur\u00e9e de lecture estim\u00e9e":"2 minutes"},"schema":{"@context":"https:\/\/schema.org","@graph":[{"@type":"WebPage","@id":"https:\/\/infield-safety.com\/fr\/produkte\/lunettes-de-protection\/lunettes-masques\/gutschein-3\/","url":"https:\/\/infield-safety.com\/fr\/produkte\/lunettes-de-protection\/lunettes-masques\/gutschein-3\/","name":"INFIELD-SAFETY | Schutzbrillen - Augenschutz | individueller Geh\u00f6rschutz","isPartOf":{"@id":"https:\/\/infield-safety.com\/#website"},"primaryImageOfPage":{"@id":"https:\/\/infield-safety.com\/fr\/produkte\/lunettes-de-protection\/lunettes-masques\/gutschein-3\/#primaryimage"},"image":{"@id":"https:\/\/infield-safety.com\/fr\/produkte\/lunettes-de-protection\/lunettes-masques\/gutschein-3\/#primaryimage"},"thumbnailUrl":"https:\/\/infield-safety.com\/wp-content\/uploads\/2022\/08\/9594165_defendor_tuerkis_p.webp","datePublished":"2025-10-09T12:04:54+00:00","dateModified":"2025-10-20T09:52:32+00:00","description":"INFIELD Safety ist Hersteller von hochwertigen Schutzbrillen, speziell f\u00fcr Brillentr\u00e4ger (Korrektionsschutzbrillen) sowie individuellem Geh\u00f6rschutz","breadcrumb":{"@id":"https:\/\/infield-safety.com\/fr\/produkte\/lunettes-de-protection\/lunettes-masques\/gutschein-3\/#breadcrumb"},"inLanguage":"fr-FR","potentialAction":[{"@type":"ReadAction","target":["https:\/\/infield-safety.com\/fr\/produkte\/lunettes-de-protection\/lunettes-masques\/gutschein-3\/"]}]},{"@type":"ImageObject","inLanguage":"fr-FR","@id":"https:\/\/infield-safety.com\/fr\/produkte\/lunettes-de-protection\/lunettes-masques\/gutschein-3\/#primaryimage","url":"https:\/\/infield-safety.com\/wp-content\/uploads\/2022\/08\/9594165_defendor_tuerkis_p.webp","contentUrl":"https:\/\/infield-safety.com\/wp-content\/uploads\/2022\/08\/9594165_defendor_tuerkis_p.webp","width":1200,"height":1200},{"@type":"BreadcrumbList","@id":"https:\/\/infield-safety.com\/fr\/produkte\/lunettes-de-protection\/lunettes-masques\/gutschein-3\/#breadcrumb","itemListElement":[{"@type":"ListItem","position":1,"name":"Startseite","item":"https:\/\/infield-safety.com\/fr\/"},{"@type":"ListItem","position":2,"name":"Produits","item":"https:\/\/infield-safety.com\/produkte\/"},{"@type":"ListItem","position":3,"name":"DEFENDOR"}]},{"@type":"WebSite","@id":"https:\/\/infield-safety.com\/#website","url":"https:\/\/infield-safety.com\/","name":"INFIELD SAFETY","description":"individueller und professioneller Augen- und Geh\u00f6rschutz","publisher":{"@id":"https:\/\/infield-safety.com\/#organization"},"potentialAction":[{"@type":"SearchAction","target":{"@type":"EntryPoint","urlTemplate":"https:\/\/infield-safety.com\/?s={search_term_string}"},"query-input":{"@type":"PropertyValueSpecification","valueRequired":true,"valueName":"search_term_string"}}],"inLanguage":"fr-FR"},{"@type":"Organization","@id":"https:\/\/infield-safety.com\/#organization","name":"INFIELD SAFETY","url":"https:\/\/infield-safety.com\/","logo":{"@type":"ImageObject","inLanguage":"fr-FR","@id":"https:\/\/infield-safety.com\/#\/schema\/logo\/image\/","url":"https:\/\/infield-safety.com\/wp-content\/uploads\/2023\/12\/infield-safety-logo-transparent-600x180-1.png","contentUrl":"https:\/\/infield-safety.com\/wp-content\/uploads\/2023\/12\/infield-safety-logo-transparent-600x180-1.png","width":600,"height":180,"caption":"INFIELD SAFETY"},"image":{"@id":"https:\/\/infield-safety.com\/#\/schema\/logo\/image\/"}}]}},"_links":{"self":[{"href":"https:\/\/infield-safety.com\/fr\/wp-json\/wp\/v2\/product\/26011","targetHints":{"allow":["GET"]}}],"collection":[{"href":"https:\/\/infield-safety.com\/fr\/wp-json\/wp\/v2\/product"}],"about":[{"href":"https:\/\/infield-safety.com\/fr\/wp-json\/wp\/v2\/types\/product"}],"wp:featuredmedia":[{"embeddable":true,"href":"https:\/\/infield-safety.com\/fr\/wp-json\/wp\/v2\/media\/8159"}],"wp:attachment":[{"href":"https:\/\/infield-safety.com\/fr\/wp-json\/wp\/v2\/media?parent=26011"}],"wp:term":[{"taxonomy":"product_brand","embeddable":true,"href":"https:\/\/infield-safety.com\/fr\/wp-json\/wp\/v2\/product_brand?post=26011"},{"taxonomy":"product_cat","embeddable":true,"href":"https:\/\/infield-safety.com\/fr\/wp-json\/wp\/v2\/product_cat?post=26011"},{"taxonomy":"product_tag","embeddable":true,"href":"https:\/\/infield-safety.com\/fr\/wp-json\/wp\/v2\/product_tag?post=26011"}],"curies":[{"name":"wp","href":"https:\/\/api.w.org\/{rel}","templated":true}]}}