{"id":26024,"date":"2025-10-09T14:05:36","date_gmt":"2025-10-09T12:05:36","guid":{"rendered":"https:\/\/infield-safety.com\/produkte\/non%20class\u00e9\/defendor-xl\/"},"modified":"2025-10-20T11:53:44","modified_gmt":"2025-10-20T09:53:44","slug":"gutschein-5","status":"publish","type":"product","link":"https:\/\/infield-safety.com\/fr\/produkte\/lunettes-de-protection\/lunettes-masques\/gutschein-5\/","title":{"rendered":"DEFENDOR XL"},"content":{"rendered":"<h3>Grand support facial tr\u00e8s doux<\/h3>\n<p>Le DEFENDOR XL convient particuli\u00e8rement bien aux visages larges. Avec son appui facial tr\u00e8s souple en caoutchouc, le DEFENDOR XL offre une assise \u00e9tanche sur tout le pourtour. Il est particuli\u00e8rement adapt\u00e9 \u00e0 la manipulation de liquides ou aux environnements poussi\u00e9reux.<\/p>\n","protected":false},"excerpt":{"rendered":"<p>Grand support facial tr\u00e8s doux Le DEFENDOR XL convient particuli\u00e8rement  [&#8230;]<\/p>\n","protected":false},"featured_media":8167,"template":"","meta":[],"product_brand":[],"product_cat":[820,834],"product_tag":[],"class_list":{"0":"post-26024","1":"product","2":"type-product","3":"status-publish","4":"has-post-thumbnail","6":"product_cat-lunettes-de-protection","7":"product_cat-lunettes-masques","8":"pa_designation-defendor-xl-gris-af-as-antibuee-antistatique","9":"pa_designation-defendor-xl-orange-af-as-antibuee-antistatique","10":"pa_designation-defendor-xl-orange-hc-af-as-anti-rayures-anti-buee-antistatique","12":"first","13":"instock","14":"product-type-variable","15":"has-default-attributes","16":"wvs-archive-product-wrapper"},"yoast_head":"<!-- This site is optimized with the Yoast SEO plugin v27.2 - https:\/\/yoast.com\/product\/yoast-seo-wordpress\/ -->\n<title>INFIELD-SAFETY | Schutzbrillen - Augenschutz | individueller Geh\u00f6rschutz<\/title>\n<meta name=\"description\" content=\"INFIELD Safety ist Hersteller von hochwertigen Schutzbrillen, speziell f\u00fcr Brillentr\u00e4ger (Korrektionsschutzbrillen) sowie individuellem Geh\u00f6rschutz\" \/>\n<meta name=\"robots\" content=\"index, follow, max-snippet:-1, max-image-preview:large, max-video-preview:-1\" \/>\n<link rel=\"canonical\" href=\"https:\/\/infield-safety.com\/fr\/produkte\/lunettes-de-protection\/lunettes-masques\/gutschein-5\/\" \/>\n<meta property=\"og:locale\" content=\"fr_FR\" \/>\n<meta property=\"og:type\" content=\"article\" \/>\n<meta property=\"og:title\" content=\"INFIELD-SAFETY | Schutzbrillen - Augenschutz | individueller Geh\u00f6rschutz\" \/>\n<meta property=\"og:description\" content=\"INFIELD Safety ist Hersteller von hochwertigen Schutzbrillen, speziell f\u00fcr Brillentr\u00e4ger (Korrektionsschutzbrillen) sowie individuellem Geh\u00f6rschutz\" \/>\n<meta property=\"og:url\" content=\"https:\/\/infield-safety.com\/fr\/produkte\/lunettes-de-protection\/lunettes-masques\/gutschein-5\/\" \/>\n<meta property=\"og:site_name\" content=\"INFIELD SAFETY\" \/>\n<meta property=\"article:modified_time\" content=\"2025-10-20T09:53:44+00:00\" \/>\n<meta property=\"og:image\" content=\"https:\/\/infield-safety.com\/wp-content\/uploads\/2022\/08\/9596165_defendorxl_orange_p.jpg\" \/>\n\t<meta property=\"og:image:width\" content=\"1200\" \/>\n\t<meta property=\"og:image:height\" content=\"1200\" \/>\n\t<meta property=\"og:image:type\" content=\"image\/jpeg\" \/>\n<meta name=\"twitter:card\" content=\"summary_large_image\" \/>\n<meta name=\"twitter:label1\" content=\"Dur\u00e9e de lecture estim\u00e9e\" \/>\n\t<meta name=\"twitter:data1\" content=\"2 minutes\" \/>\n<script type=\"application\/ld+json\" class=\"yoast-schema-graph\">{\"@context\":\"https:\/\/schema.org\",\"@graph\":[{\"@type\":\"WebPage\",\"@id\":\"https:\/\/infield-safety.com\/fr\/produkte\/lunettes-de-protection\/lunettes-masques\/gutschein-5\/\",\"url\":\"https:\/\/infield-safety.com\/fr\/produkte\/lunettes-de-protection\/lunettes-masques\/gutschein-5\/\",\"name\":\"INFIELD-SAFETY | Schutzbrillen - Augenschutz | individueller Geh\u00f6rschutz\",\"isPartOf\":{\"@id\":\"https:\/\/infield-safety.com\/#website\"},\"primaryImageOfPage\":{\"@id\":\"https:\/\/infield-safety.com\/fr\/produkte\/lunettes-de-protection\/lunettes-masques\/gutschein-5\/#primaryimage\"},\"image\":{\"@id\":\"https:\/\/infield-safety.com\/fr\/produkte\/lunettes-de-protection\/lunettes-masques\/gutschein-5\/#primaryimage\"},\"thumbnailUrl\":\"https:\/\/infield-safety.com\/wp-content\/uploads\/2022\/08\/9596165_defendorxl_orange_p.webp\",\"datePublished\":\"2025-10-09T12:05:36+00:00\",\"dateModified\":\"2025-10-20T09:53:44+00:00\",\"description\":\"INFIELD Safety ist Hersteller von hochwertigen Schutzbrillen, speziell f\u00fcr Brillentr\u00e4ger (Korrektionsschutzbrillen) sowie individuellem Geh\u00f6rschutz\",\"breadcrumb\":{\"@id\":\"https:\/\/infield-safety.com\/fr\/produkte\/lunettes-de-protection\/lunettes-masques\/gutschein-5\/#breadcrumb\"},\"inLanguage\":\"fr-FR\",\"potentialAction\":[{\"@type\":\"ReadAction\",\"target\":[\"https:\/\/infield-safety.com\/fr\/produkte\/lunettes-de-protection\/lunettes-masques\/gutschein-5\/\"]}]},{\"@type\":\"ImageObject\",\"inLanguage\":\"fr-FR\",\"@id\":\"https:\/\/infield-safety.com\/fr\/produkte\/lunettes-de-protection\/lunettes-masques\/gutschein-5\/#primaryimage\",\"url\":\"https:\/\/infield-safety.com\/wp-content\/uploads\/2022\/08\/9596165_defendorxl_orange_p.webp\",\"contentUrl\":\"https:\/\/infield-safety.com\/wp-content\/uploads\/2022\/08\/9596165_defendorxl_orange_p.webp\",\"width\":1200,\"height\":1200},{\"@type\":\"BreadcrumbList\",\"@id\":\"https:\/\/infield-safety.com\/fr\/produkte\/lunettes-de-protection\/lunettes-masques\/gutschein-5\/#breadcrumb\",\"itemListElement\":[{\"@type\":\"ListItem\",\"position\":1,\"name\":\"Startseite\",\"item\":\"https:\/\/infield-safety.com\/fr\/\"},{\"@type\":\"ListItem\",\"position\":2,\"name\":\"Produits\",\"item\":\"https:\/\/infield-safety.com\/produkte\/\"},{\"@type\":\"ListItem\",\"position\":3,\"name\":\"DEFENDOR XL\"}]},{\"@type\":\"WebSite\",\"@id\":\"https:\/\/infield-safety.com\/#website\",\"url\":\"https:\/\/infield-safety.com\/\",\"name\":\"INFIELD SAFETY\",\"description\":\"individueller und professioneller Augen- und Geh\u00f6rschutz\",\"publisher\":{\"@id\":\"https:\/\/infield-safety.com\/#organization\"},\"potentialAction\":[{\"@type\":\"SearchAction\",\"target\":{\"@type\":\"EntryPoint\",\"urlTemplate\":\"https:\/\/infield-safety.com\/?s={search_term_string}\"},\"query-input\":{\"@type\":\"PropertyValueSpecification\",\"valueRequired\":true,\"valueName\":\"search_term_string\"}}],\"inLanguage\":\"fr-FR\"},{\"@type\":\"Organization\",\"@id\":\"https:\/\/infield-safety.com\/#organization\",\"name\":\"INFIELD SAFETY\",\"url\":\"https:\/\/infield-safety.com\/\",\"logo\":{\"@type\":\"ImageObject\",\"inLanguage\":\"fr-FR\",\"@id\":\"https:\/\/infield-safety.com\/#\/schema\/logo\/image\/\",\"url\":\"https:\/\/infield-safety.com\/wp-content\/uploads\/2023\/12\/infield-safety-logo-transparent-600x180-1.png\",\"contentUrl\":\"https:\/\/infield-safety.com\/wp-content\/uploads\/2023\/12\/infield-safety-logo-transparent-600x180-1.png\",\"width\":600,\"height\":180,\"caption\":\"INFIELD SAFETY\"},\"image\":{\"@id\":\"https:\/\/infield-safety.com\/#\/schema\/logo\/image\/\"}}]}<\/script>\n<!-- \/ Yoast SEO plugin. -->","yoast_head_json":{"title":"INFIELD-SAFETY | Schutzbrillen - Augenschutz | individueller Geh\u00f6rschutz","description":"INFIELD Safety ist Hersteller von hochwertigen Schutzbrillen, speziell f\u00fcr Brillentr\u00e4ger (Korrektionsschutzbrillen) sowie individuellem Geh\u00f6rschutz","robots":{"index":"index","follow":"follow","max-snippet":"max-snippet:-1","max-image-preview":"max-image-preview:large","max-video-preview":"max-video-preview:-1"},"canonical":"https:\/\/infield-safety.com\/fr\/produkte\/lunettes-de-protection\/lunettes-masques\/gutschein-5\/","og_locale":"fr_FR","og_type":"article","og_title":"INFIELD-SAFETY | Schutzbrillen - Augenschutz | individueller Geh\u00f6rschutz","og_description":"INFIELD Safety ist Hersteller von hochwertigen Schutzbrillen, speziell f\u00fcr Brillentr\u00e4ger (Korrektionsschutzbrillen) sowie individuellem Geh\u00f6rschutz","og_url":"https:\/\/infield-safety.com\/fr\/produkte\/lunettes-de-protection\/lunettes-masques\/gutschein-5\/","og_site_name":"INFIELD SAFETY","article_modified_time":"2025-10-20T09:53:44+00:00","og_image":[{"width":1200,"height":1200,"url":"https:\/\/infield-safety.com\/wp-content\/uploads\/2022\/08\/9596165_defendorxl_orange_p.jpg","type":"image\/jpeg"}],"twitter_card":"summary_large_image","twitter_misc":{"Dur\u00e9e de lecture estim\u00e9e":"2 minutes"},"schema":{"@context":"https:\/\/schema.org","@graph":[{"@type":"WebPage","@id":"https:\/\/infield-safety.com\/fr\/produkte\/lunettes-de-protection\/lunettes-masques\/gutschein-5\/","url":"https:\/\/infield-safety.com\/fr\/produkte\/lunettes-de-protection\/lunettes-masques\/gutschein-5\/","name":"INFIELD-SAFETY | Schutzbrillen - Augenschutz | individueller Geh\u00f6rschutz","isPartOf":{"@id":"https:\/\/infield-safety.com\/#website"},"primaryImageOfPage":{"@id":"https:\/\/infield-safety.com\/fr\/produkte\/lunettes-de-protection\/lunettes-masques\/gutschein-5\/#primaryimage"},"image":{"@id":"https:\/\/infield-safety.com\/fr\/produkte\/lunettes-de-protection\/lunettes-masques\/gutschein-5\/#primaryimage"},"thumbnailUrl":"https:\/\/infield-safety.com\/wp-content\/uploads\/2022\/08\/9596165_defendorxl_orange_p.webp","datePublished":"2025-10-09T12:05:36+00:00","dateModified":"2025-10-20T09:53:44+00:00","description":"INFIELD Safety ist Hersteller von hochwertigen Schutzbrillen, speziell f\u00fcr Brillentr\u00e4ger (Korrektionsschutzbrillen) sowie individuellem Geh\u00f6rschutz","breadcrumb":{"@id":"https:\/\/infield-safety.com\/fr\/produkte\/lunettes-de-protection\/lunettes-masques\/gutschein-5\/#breadcrumb"},"inLanguage":"fr-FR","potentialAction":[{"@type":"ReadAction","target":["https:\/\/infield-safety.com\/fr\/produkte\/lunettes-de-protection\/lunettes-masques\/gutschein-5\/"]}]},{"@type":"ImageObject","inLanguage":"fr-FR","@id":"https:\/\/infield-safety.com\/fr\/produkte\/lunettes-de-protection\/lunettes-masques\/gutschein-5\/#primaryimage","url":"https:\/\/infield-safety.com\/wp-content\/uploads\/2022\/08\/9596165_defendorxl_orange_p.webp","contentUrl":"https:\/\/infield-safety.com\/wp-content\/uploads\/2022\/08\/9596165_defendorxl_orange_p.webp","width":1200,"height":1200},{"@type":"BreadcrumbList","@id":"https:\/\/infield-safety.com\/fr\/produkte\/lunettes-de-protection\/lunettes-masques\/gutschein-5\/#breadcrumb","itemListElement":[{"@type":"ListItem","position":1,"name":"Startseite","item":"https:\/\/infield-safety.com\/fr\/"},{"@type":"ListItem","position":2,"name":"Produits","item":"https:\/\/infield-safety.com\/produkte\/"},{"@type":"ListItem","position":3,"name":"DEFENDOR XL"}]},{"@type":"WebSite","@id":"https:\/\/infield-safety.com\/#website","url":"https:\/\/infield-safety.com\/","name":"INFIELD SAFETY","description":"individueller und professioneller Augen- und Geh\u00f6rschutz","publisher":{"@id":"https:\/\/infield-safety.com\/#organization"},"potentialAction":[{"@type":"SearchAction","target":{"@type":"EntryPoint","urlTemplate":"https:\/\/infield-safety.com\/?s={search_term_string}"},"query-input":{"@type":"PropertyValueSpecification","valueRequired":true,"valueName":"search_term_string"}}],"inLanguage":"fr-FR"},{"@type":"Organization","@id":"https:\/\/infield-safety.com\/#organization","name":"INFIELD SAFETY","url":"https:\/\/infield-safety.com\/","logo":{"@type":"ImageObject","inLanguage":"fr-FR","@id":"https:\/\/infield-safety.com\/#\/schema\/logo\/image\/","url":"https:\/\/infield-safety.com\/wp-content\/uploads\/2023\/12\/infield-safety-logo-transparent-600x180-1.png","contentUrl":"https:\/\/infield-safety.com\/wp-content\/uploads\/2023\/12\/infield-safety-logo-transparent-600x180-1.png","width":600,"height":180,"caption":"INFIELD SAFETY"},"image":{"@id":"https:\/\/infield-safety.com\/#\/schema\/logo\/image\/"}}]}},"_links":{"self":[{"href":"https:\/\/infield-safety.com\/fr\/wp-json\/wp\/v2\/product\/26024","targetHints":{"allow":["GET"]}}],"collection":[{"href":"https:\/\/infield-safety.com\/fr\/wp-json\/wp\/v2\/product"}],"about":[{"href":"https:\/\/infield-safety.com\/fr\/wp-json\/wp\/v2\/types\/product"}],"wp:featuredmedia":[{"embeddable":true,"href":"https:\/\/infield-safety.com\/fr\/wp-json\/wp\/v2\/media\/8167"}],"wp:attachment":[{"href":"https:\/\/infield-safety.com\/fr\/wp-json\/wp\/v2\/media?parent=26024"}],"wp:term":[{"taxonomy":"product_brand","embeddable":true,"href":"https:\/\/infield-safety.com\/fr\/wp-json\/wp\/v2\/product_brand?post=26024"},{"taxonomy":"product_cat","embeddable":true,"href":"https:\/\/infield-safety.com\/fr\/wp-json\/wp\/v2\/product_cat?post=26024"},{"taxonomy":"product_tag","embeddable":true,"href":"https:\/\/infield-safety.com\/fr\/wp-json\/wp\/v2\/product_tag?post=26024"}],"curies":[{"name":"wp","href":"https:\/\/api.w.org\/{rel}","templated":true}]}}