{"id":26453,"date":"2025-10-09T14:09:39","date_gmt":"2025-10-09T12:09:39","guid":{"rendered":"https:\/\/infield-safety.com\/produkte\/senza-categoria\/ontor\/"},"modified":"2025-10-20T12:36:19","modified_gmt":"2025-10-20T10:36:19","slug":"gutschein-23","status":"publish","type":"product","link":"https:\/\/infield-safety.com\/it\/produkte\/occhiali-protettivi\/occhiali-visitatori-sovraocchiali\/gutschein-23\/","title":{"rendered":"ONTOR"},"content":{"rendered":"<h3>Protezione universale degli occhi<\/h3>\n<p>ONTOR \u00e8 l&#8217;occhiale di sicurezza e la maschera per visitatori perfetti. Le aste flessibili si adattano a ogni forma di testa. I morbidi cuscinetti proteggono dagli impatti laterali e frontali. Grazie alla lunghezza delle aste e all&#8217;inclinazione delle lenti regolabili individualmente, l&#8217;ONTOR pu\u00f2 essere adattato a qualsiasi forma del viso e situazione lavorativa.<\/p>\n","protected":false},"excerpt":{"rendered":"<p>Protezione universale degli occhi ONTOR \u00e8 l&#8217;occhiale di sicurezza e  [&#8230;]<\/p>\n","protected":false},"featured_media":6873,"template":"","meta":[],"product_brand":[],"product_cat":[1102,1168],"product_tag":[],"class_list":{"0":"post-26453","1":"product","2":"type-product","3":"status-publish","4":"has-post-thumbnail","6":"product_cat-occhiali-protettivi","7":"product_cat-occhiali-visitatori-sovraocchiali","8":"pa_variazione-ontor-nero-arancio-af-as-antiappannamento-antistatico","9":"pa_variazione-ontor-nero-turchese-af-as-antiappannamento-antistatico","10":"pa_variazione-ontor-nero-turchese-hc-af-as-antigraffio-antiappannamento-antistatico","11":"pa_variazione-ontor-nero-turchese-hc-resistente-ai-graffi","12":"pa_variazione-ontor-nero-turchese-sar-hc-resistente-ai-graffi","14":"first","15":"instock","16":"product-type-variable","17":"has-default-attributes","18":"wvs-archive-product-wrapper"},"yoast_head":"<!-- This site is optimized with the Yoast SEO plugin v27.2 - https:\/\/yoast.com\/product\/yoast-seo-wordpress\/ -->\n<title>INFIELD-SAFETY | Schutzbrillen - Augenschutz | individueller Geh\u00f6rschutz<\/title>\n<meta name=\"description\" content=\"INFIELD Safety ist Hersteller von hochwertigen Schutzbrillen, speziell f\u00fcr Brillentr\u00e4ger (Korrektionsschutzbrillen) sowie individuellem Geh\u00f6rschutz\" \/>\n<meta name=\"robots\" content=\"index, follow, max-snippet:-1, max-image-preview:large, max-video-preview:-1\" \/>\n<link rel=\"canonical\" href=\"https:\/\/infield-safety.com\/it\/produkte\/occhiali-protettivi\/occhiali-visitatori-sovraocchiali\/gutschein-23\/\" \/>\n<meta property=\"og:locale\" content=\"it_IT\" \/>\n<meta property=\"og:type\" content=\"article\" \/>\n<meta property=\"og:title\" content=\"INFIELD-SAFETY | Schutzbrillen - Augenschutz | individueller Geh\u00f6rschutz\" \/>\n<meta property=\"og:description\" content=\"INFIELD Safety ist Hersteller von hochwertigen Schutzbrillen, speziell f\u00fcr Brillentr\u00e4ger (Korrektionsschutzbrillen) sowie individuellem Geh\u00f6rschutz\" \/>\n<meta property=\"og:url\" content=\"https:\/\/infield-safety.com\/it\/produkte\/occhiali-protettivi\/occhiali-visitatori-sovraocchiali\/gutschein-23\/\" \/>\n<meta property=\"og:site_name\" content=\"INFIELD SAFETY\" \/>\n<meta property=\"article:modified_time\" content=\"2025-10-20T10:36:19+00:00\" \/>\n<meta property=\"og:image\" content=\"https:\/\/infield-safety.com\/wp-content\/uploads\/2022\/08\/9090006_ontor_schwarz_p.jpg\" \/>\n\t<meta property=\"og:image:width\" content=\"1200\" \/>\n\t<meta property=\"og:image:height\" content=\"1200\" \/>\n\t<meta property=\"og:image:type\" content=\"image\/jpeg\" \/>\n<meta name=\"twitter:card\" content=\"summary_large_image\" \/>\n<meta name=\"twitter:label1\" content=\"Tempo di lettura stimato\" \/>\n\t<meta name=\"twitter:data1\" content=\"2 minuti\" \/>\n<script type=\"application\/ld+json\" class=\"yoast-schema-graph\">{\"@context\":\"https:\/\/schema.org\",\"@graph\":[{\"@type\":\"WebPage\",\"@id\":\"https:\/\/infield-safety.com\/it\/produkte\/occhiali-protettivi\/occhiali-visitatori-sovraocchiali\/gutschein-23\/\",\"url\":\"https:\/\/infield-safety.com\/it\/produkte\/occhiali-protettivi\/occhiali-visitatori-sovraocchiali\/gutschein-23\/\",\"name\":\"INFIELD-SAFETY | Schutzbrillen - Augenschutz | individueller Geh\u00f6rschutz\",\"isPartOf\":{\"@id\":\"https:\/\/infield-safety.com\/#website\"},\"primaryImageOfPage\":{\"@id\":\"https:\/\/infield-safety.com\/it\/produkte\/occhiali-protettivi\/occhiali-visitatori-sovraocchiali\/gutschein-23\/#primaryimage\"},\"image\":{\"@id\":\"https:\/\/infield-safety.com\/it\/produkte\/occhiali-protettivi\/occhiali-visitatori-sovraocchiali\/gutschein-23\/#primaryimage\"},\"thumbnailUrl\":\"https:\/\/infield-safety.com\/wp-content\/uploads\/2022\/08\/9090006_ontor_schwarz_p.webp\",\"datePublished\":\"2025-10-09T12:09:39+00:00\",\"dateModified\":\"2025-10-20T10:36:19+00:00\",\"description\":\"INFIELD Safety ist Hersteller von hochwertigen Schutzbrillen, speziell f\u00fcr Brillentr\u00e4ger (Korrektionsschutzbrillen) sowie individuellem Geh\u00f6rschutz\",\"breadcrumb\":{\"@id\":\"https:\/\/infield-safety.com\/it\/produkte\/occhiali-protettivi\/occhiali-visitatori-sovraocchiali\/gutschein-23\/#breadcrumb\"},\"inLanguage\":\"it-IT\",\"potentialAction\":[{\"@type\":\"ReadAction\",\"target\":[\"https:\/\/infield-safety.com\/it\/produkte\/occhiali-protettivi\/occhiali-visitatori-sovraocchiali\/gutschein-23\/\"]}]},{\"@type\":\"ImageObject\",\"inLanguage\":\"it-IT\",\"@id\":\"https:\/\/infield-safety.com\/it\/produkte\/occhiali-protettivi\/occhiali-visitatori-sovraocchiali\/gutschein-23\/#primaryimage\",\"url\":\"https:\/\/infield-safety.com\/wp-content\/uploads\/2022\/08\/9090006_ontor_schwarz_p.webp\",\"contentUrl\":\"https:\/\/infield-safety.com\/wp-content\/uploads\/2022\/08\/9090006_ontor_schwarz_p.webp\",\"width\":1200,\"height\":1200},{\"@type\":\"BreadcrumbList\",\"@id\":\"https:\/\/infield-safety.com\/it\/produkte\/occhiali-protettivi\/occhiali-visitatori-sovraocchiali\/gutschein-23\/#breadcrumb\",\"itemListElement\":[{\"@type\":\"ListItem\",\"position\":1,\"name\":\"Startseite\",\"item\":\"https:\/\/infield-safety.com\/it\/\"},{\"@type\":\"ListItem\",\"position\":2,\"name\":\"Prodotti\",\"item\":\"https:\/\/infield-safety.com\/it\/prodotti\/\"},{\"@type\":\"ListItem\",\"position\":3,\"name\":\"ONTOR\"}]},{\"@type\":\"WebSite\",\"@id\":\"https:\/\/infield-safety.com\/#website\",\"url\":\"https:\/\/infield-safety.com\/\",\"name\":\"INFIELD SAFETY\",\"description\":\"individueller und professioneller Augen- und Geh\u00f6rschutz\",\"publisher\":{\"@id\":\"https:\/\/infield-safety.com\/#organization\"},\"potentialAction\":[{\"@type\":\"SearchAction\",\"target\":{\"@type\":\"EntryPoint\",\"urlTemplate\":\"https:\/\/infield-safety.com\/?s={search_term_string}\"},\"query-input\":{\"@type\":\"PropertyValueSpecification\",\"valueRequired\":true,\"valueName\":\"search_term_string\"}}],\"inLanguage\":\"it-IT\"},{\"@type\":\"Organization\",\"@id\":\"https:\/\/infield-safety.com\/#organization\",\"name\":\"INFIELD SAFETY\",\"url\":\"https:\/\/infield-safety.com\/\",\"logo\":{\"@type\":\"ImageObject\",\"inLanguage\":\"it-IT\",\"@id\":\"https:\/\/infield-safety.com\/#\/schema\/logo\/image\/\",\"url\":\"https:\/\/infield-safety.com\/wp-content\/uploads\/2023\/12\/infield-safety-logo-transparent-600x180-1.png\",\"contentUrl\":\"https:\/\/infield-safety.com\/wp-content\/uploads\/2023\/12\/infield-safety-logo-transparent-600x180-1.png\",\"width\":600,\"height\":180,\"caption\":\"INFIELD SAFETY\"},\"image\":{\"@id\":\"https:\/\/infield-safety.com\/#\/schema\/logo\/image\/\"}}]}<\/script>\n<!-- \/ Yoast SEO plugin. -->","yoast_head_json":{"title":"INFIELD-SAFETY | Schutzbrillen - Augenschutz | individueller Geh\u00f6rschutz","description":"INFIELD Safety ist Hersteller von hochwertigen Schutzbrillen, speziell f\u00fcr Brillentr\u00e4ger (Korrektionsschutzbrillen) sowie individuellem Geh\u00f6rschutz","robots":{"index":"index","follow":"follow","max-snippet":"max-snippet:-1","max-image-preview":"max-image-preview:large","max-video-preview":"max-video-preview:-1"},"canonical":"https:\/\/infield-safety.com\/it\/produkte\/occhiali-protettivi\/occhiali-visitatori-sovraocchiali\/gutschein-23\/","og_locale":"it_IT","og_type":"article","og_title":"INFIELD-SAFETY | Schutzbrillen - Augenschutz | individueller Geh\u00f6rschutz","og_description":"INFIELD Safety ist Hersteller von hochwertigen Schutzbrillen, speziell f\u00fcr Brillentr\u00e4ger (Korrektionsschutzbrillen) sowie individuellem Geh\u00f6rschutz","og_url":"https:\/\/infield-safety.com\/it\/produkte\/occhiali-protettivi\/occhiali-visitatori-sovraocchiali\/gutschein-23\/","og_site_name":"INFIELD SAFETY","article_modified_time":"2025-10-20T10:36:19+00:00","og_image":[{"width":1200,"height":1200,"url":"https:\/\/infield-safety.com\/wp-content\/uploads\/2022\/08\/9090006_ontor_schwarz_p.jpg","type":"image\/jpeg"}],"twitter_card":"summary_large_image","twitter_misc":{"Tempo di lettura stimato":"2 minuti"},"schema":{"@context":"https:\/\/schema.org","@graph":[{"@type":"WebPage","@id":"https:\/\/infield-safety.com\/it\/produkte\/occhiali-protettivi\/occhiali-visitatori-sovraocchiali\/gutschein-23\/","url":"https:\/\/infield-safety.com\/it\/produkte\/occhiali-protettivi\/occhiali-visitatori-sovraocchiali\/gutschein-23\/","name":"INFIELD-SAFETY | Schutzbrillen - Augenschutz | individueller Geh\u00f6rschutz","isPartOf":{"@id":"https:\/\/infield-safety.com\/#website"},"primaryImageOfPage":{"@id":"https:\/\/infield-safety.com\/it\/produkte\/occhiali-protettivi\/occhiali-visitatori-sovraocchiali\/gutschein-23\/#primaryimage"},"image":{"@id":"https:\/\/infield-safety.com\/it\/produkte\/occhiali-protettivi\/occhiali-visitatori-sovraocchiali\/gutschein-23\/#primaryimage"},"thumbnailUrl":"https:\/\/infield-safety.com\/wp-content\/uploads\/2022\/08\/9090006_ontor_schwarz_p.webp","datePublished":"2025-10-09T12:09:39+00:00","dateModified":"2025-10-20T10:36:19+00:00","description":"INFIELD Safety ist Hersteller von hochwertigen Schutzbrillen, speziell f\u00fcr Brillentr\u00e4ger (Korrektionsschutzbrillen) sowie individuellem Geh\u00f6rschutz","breadcrumb":{"@id":"https:\/\/infield-safety.com\/it\/produkte\/occhiali-protettivi\/occhiali-visitatori-sovraocchiali\/gutschein-23\/#breadcrumb"},"inLanguage":"it-IT","potentialAction":[{"@type":"ReadAction","target":["https:\/\/infield-safety.com\/it\/produkte\/occhiali-protettivi\/occhiali-visitatori-sovraocchiali\/gutschein-23\/"]}]},{"@type":"ImageObject","inLanguage":"it-IT","@id":"https:\/\/infield-safety.com\/it\/produkte\/occhiali-protettivi\/occhiali-visitatori-sovraocchiali\/gutschein-23\/#primaryimage","url":"https:\/\/infield-safety.com\/wp-content\/uploads\/2022\/08\/9090006_ontor_schwarz_p.webp","contentUrl":"https:\/\/infield-safety.com\/wp-content\/uploads\/2022\/08\/9090006_ontor_schwarz_p.webp","width":1200,"height":1200},{"@type":"BreadcrumbList","@id":"https:\/\/infield-safety.com\/it\/produkte\/occhiali-protettivi\/occhiali-visitatori-sovraocchiali\/gutschein-23\/#breadcrumb","itemListElement":[{"@type":"ListItem","position":1,"name":"Startseite","item":"https:\/\/infield-safety.com\/it\/"},{"@type":"ListItem","position":2,"name":"Prodotti","item":"https:\/\/infield-safety.com\/it\/prodotti\/"},{"@type":"ListItem","position":3,"name":"ONTOR"}]},{"@type":"WebSite","@id":"https:\/\/infield-safety.com\/#website","url":"https:\/\/infield-safety.com\/","name":"INFIELD SAFETY","description":"individueller und professioneller Augen- und Geh\u00f6rschutz","publisher":{"@id":"https:\/\/infield-safety.com\/#organization"},"potentialAction":[{"@type":"SearchAction","target":{"@type":"EntryPoint","urlTemplate":"https:\/\/infield-safety.com\/?s={search_term_string}"},"query-input":{"@type":"PropertyValueSpecification","valueRequired":true,"valueName":"search_term_string"}}],"inLanguage":"it-IT"},{"@type":"Organization","@id":"https:\/\/infield-safety.com\/#organization","name":"INFIELD SAFETY","url":"https:\/\/infield-safety.com\/","logo":{"@type":"ImageObject","inLanguage":"it-IT","@id":"https:\/\/infield-safety.com\/#\/schema\/logo\/image\/","url":"https:\/\/infield-safety.com\/wp-content\/uploads\/2023\/12\/infield-safety-logo-transparent-600x180-1.png","contentUrl":"https:\/\/infield-safety.com\/wp-content\/uploads\/2023\/12\/infield-safety-logo-transparent-600x180-1.png","width":600,"height":180,"caption":"INFIELD SAFETY"},"image":{"@id":"https:\/\/infield-safety.com\/#\/schema\/logo\/image\/"}}]}},"_links":{"self":[{"href":"https:\/\/infield-safety.com\/it\/wp-json\/wp\/v2\/product\/26453","targetHints":{"allow":["GET"]}}],"collection":[{"href":"https:\/\/infield-safety.com\/it\/wp-json\/wp\/v2\/product"}],"about":[{"href":"https:\/\/infield-safety.com\/it\/wp-json\/wp\/v2\/types\/product"}],"wp:featuredmedia":[{"embeddable":true,"href":"https:\/\/infield-safety.com\/it\/wp-json\/wp\/v2\/media\/6873"}],"wp:attachment":[{"href":"https:\/\/infield-safety.com\/it\/wp-json\/wp\/v2\/media?parent=26453"}],"wp:term":[{"taxonomy":"product_brand","embeddable":true,"href":"https:\/\/infield-safety.com\/it\/wp-json\/wp\/v2\/product_brand?post=26453"},{"taxonomy":"product_cat","embeddable":true,"href":"https:\/\/infield-safety.com\/it\/wp-json\/wp\/v2\/product_cat?post=26453"},{"taxonomy":"product_tag","embeddable":true,"href":"https:\/\/infield-safety.com\/it\/wp-json\/wp\/v2\/product_tag?post=26453"}],"curies":[{"name":"wp","href":"https:\/\/api.w.org\/{rel}","templated":true}]}}