{"id":26649,"date":"2025-10-09T14:20:49","date_gmt":"2025-10-09T12:20:49","guid":{"rendered":"https:\/\/infield-safety.com\/produkte\/senza-categoria\/terminator-xtra-welding\/"},"modified":"2025-10-20T12:44:18","modified_gmt":"2025-10-20T10:44:18","slug":"gutschein-67","status":"publish","type":"product","link":"https:\/\/infield-safety.com\/it\/produkte\/occhiali-protettivi\/protezione-per-saldatori-saldatura\/gutschein-67\/","title":{"rendered":"TERMINATOR XTRA WELDING"},"content":{"rendered":"<h3>Quando il meglio viene migliorato &#8211; c&#8217;\u00e8 qualcosa di X-TRA!<\/h3>\n<p>Il modello TERMINATOR X-TRA convince per le varie possibilit\u00e0 di regolazione individuali, come la lunghezza delle aste regolabile, l&#8217;inclinazione della lente protettiva e la facilit\u00e0 di sostituzione delle lenti. Lo schermo facciale morbido aggiuntivo garantisce una maggiore sicurezza in qualsiasi situazione di lavoro. Lo speciale sistema di ventilazione assicura un elevato livello di comfort in ogni momento.<\/p>\n","protected":false},"excerpt":{"rendered":"<p>Quando il meglio viene migliorato &#8211; c&#8217;\u00e8 qualcosa di X-TRA!  [&#8230;]<\/p>\n","protected":false},"featured_media":26651,"template":"","meta":[],"product_brand":[],"product_cat":[1102,2531],"product_tag":[],"class_list":{"0":"post-26649","1":"product","2":"type-product","3":"status-publish","4":"has-post-thumbnail","6":"product_cat-occhiali-protettivi","7":"product_cat-protezione-per-saldatori-saldatura","8":"pa_variazione-terminator-xtra-welding-nero-we-2-af-antiappannamento","9":"pa_variazione-terminator-xtra-welding-nero-we-3-af-antiappannamento","10":"pa_variazione-terminator-xtra-welding-nero-we-5-af-antiappannamento","12":"first","13":"instock","14":"product-type-variable","15":"has-default-attributes","16":"wvs-archive-product-wrapper"},"yoast_head":"<!-- This site is optimized with the Yoast SEO plugin v27.2 - https:\/\/yoast.com\/product\/yoast-seo-wordpress\/ -->\n<title>INFIELD-SAFETY | Schutzbrillen - Augenschutz | individueller Geh\u00f6rschutz<\/title>\n<meta name=\"description\" content=\"INFIELD Safety ist Hersteller von hochwertigen Schutzbrillen, speziell f\u00fcr Brillentr\u00e4ger (Korrektionsschutzbrillen) sowie individuellem Geh\u00f6rschutz\" \/>\n<meta name=\"robots\" content=\"index, follow, max-snippet:-1, max-image-preview:large, max-video-preview:-1\" \/>\n<link rel=\"canonical\" href=\"https:\/\/infield-safety.com\/produkte\/schutzbrillen\/schweisserschutzbrillen\/gutschein-67\/\" \/>\n<meta property=\"og:locale\" content=\"it_IT\" \/>\n<meta property=\"og:type\" content=\"article\" \/>\n<meta property=\"og:title\" content=\"INFIELD-SAFETY | Schutzbrillen - Augenschutz | individueller Geh\u00f6rschutz\" \/>\n<meta property=\"og:description\" content=\"INFIELD Safety ist Hersteller von hochwertigen Schutzbrillen, speziell f\u00fcr Brillentr\u00e4ger (Korrektionsschutzbrillen) sowie individuellem Geh\u00f6rschutz\" \/>\n<meta property=\"og:url\" content=\"https:\/\/infield-safety.com\/produkte\/schutzbrillen\/schweisserschutzbrillen\/gutschein-67\/\" \/>\n<meta property=\"og:site_name\" content=\"INFIELD SAFETY\" \/>\n<meta property=\"article:modified_time\" content=\"2025-10-20T10:44:18+00:00\" \/>\n<meta property=\"og:image\" content=\"https:\/\/infield-safety.com\/wp-content\/uploads\/2025\/10\/9320132AF_terminatorxtra_schwarz_p-4.webp\" \/>\n\t<meta property=\"og:image:width\" content=\"1200\" \/>\n\t<meta property=\"og:image:height\" content=\"1200\" \/>\n\t<meta property=\"og:image:type\" content=\"image\/jpeg\" \/>\n<meta name=\"twitter:card\" content=\"summary_large_image\" \/>\n<meta name=\"twitter:label1\" content=\"Tempo di lettura stimato\" \/>\n\t<meta name=\"twitter:data1\" content=\"2 minuti\" \/>\n<script type=\"application\/ld+json\" class=\"yoast-schema-graph\">{\"@context\":\"https:\/\/schema.org\",\"@graph\":[{\"@type\":\"WebPage\",\"@id\":\"https:\/\/infield-safety.com\/produkte\/schutzbrillen\/schweisserschutzbrillen\/gutschein-67\/\",\"url\":\"https:\/\/infield-safety.com\/produkte\/schutzbrillen\/schweisserschutzbrillen\/gutschein-67\/\",\"name\":\"INFIELD-SAFETY | Schutzbrillen - Augenschutz | individueller Geh\u00f6rschutz\",\"isPartOf\":{\"@id\":\"https:\/\/infield-safety.com\/#website\"},\"primaryImageOfPage\":{\"@id\":\"https:\/\/infield-safety.com\/produkte\/schutzbrillen\/schweisserschutzbrillen\/gutschein-67\/#primaryimage\"},\"image\":{\"@id\":\"https:\/\/infield-safety.com\/produkte\/schutzbrillen\/schweisserschutzbrillen\/gutschein-67\/#primaryimage\"},\"thumbnailUrl\":\"https:\/\/infield-safety.com\/wp-content\/uploads\/2025\/10\/9320132AF_terminatorxtra_schwarz_p-4.webp\",\"datePublished\":\"2025-10-09T12:20:49+00:00\",\"dateModified\":\"2025-10-20T10:44:18+00:00\",\"description\":\"INFIELD Safety ist Hersteller von hochwertigen Schutzbrillen, speziell f\u00fcr Brillentr\u00e4ger (Korrektionsschutzbrillen) sowie individuellem Geh\u00f6rschutz\",\"breadcrumb\":{\"@id\":\"https:\/\/infield-safety.com\/produkte\/schutzbrillen\/schweisserschutzbrillen\/gutschein-67\/#breadcrumb\"},\"inLanguage\":\"it-IT\",\"potentialAction\":[{\"@type\":\"ReadAction\",\"target\":[\"https:\/\/infield-safety.com\/produkte\/schutzbrillen\/schweisserschutzbrillen\/gutschein-67\/\"]}]},{\"@type\":\"ImageObject\",\"inLanguage\":\"it-IT\",\"@id\":\"https:\/\/infield-safety.com\/produkte\/schutzbrillen\/schweisserschutzbrillen\/gutschein-67\/#primaryimage\",\"url\":\"https:\/\/infield-safety.com\/wp-content\/uploads\/2025\/10\/9320132AF_terminatorxtra_schwarz_p-4.webp\",\"contentUrl\":\"https:\/\/infield-safety.com\/wp-content\/uploads\/2025\/10\/9320132AF_terminatorxtra_schwarz_p-4.webp\",\"width\":1200,\"height\":1200},{\"@type\":\"BreadcrumbList\",\"@id\":\"https:\/\/infield-safety.com\/produkte\/schutzbrillen\/schweisserschutzbrillen\/gutschein-67\/#breadcrumb\",\"itemListElement\":[{\"@type\":\"ListItem\",\"position\":1,\"name\":\"Startseite\",\"item\":\"https:\/\/infield-safety.com\/it\/\"},{\"@type\":\"ListItem\",\"position\":2,\"name\":\"Prodotti\",\"item\":\"https:\/\/infield-safety.com\/it\/prodotti\/\"},{\"@type\":\"ListItem\",\"position\":3,\"name\":\"TERMINATOR XTRA WELDING\"}]},{\"@type\":\"WebSite\",\"@id\":\"https:\/\/infield-safety.com\/#website\",\"url\":\"https:\/\/infield-safety.com\/\",\"name\":\"INFIELD SAFETY\",\"description\":\"individueller und professioneller Augen- und Geh\u00f6rschutz\",\"publisher\":{\"@id\":\"https:\/\/infield-safety.com\/#organization\"},\"potentialAction\":[{\"@type\":\"SearchAction\",\"target\":{\"@type\":\"EntryPoint\",\"urlTemplate\":\"https:\/\/infield-safety.com\/?s={search_term_string}\"},\"query-input\":{\"@type\":\"PropertyValueSpecification\",\"valueRequired\":true,\"valueName\":\"search_term_string\"}}],\"inLanguage\":\"it-IT\"},{\"@type\":\"Organization\",\"@id\":\"https:\/\/infield-safety.com\/#organization\",\"name\":\"INFIELD SAFETY\",\"url\":\"https:\/\/infield-safety.com\/\",\"logo\":{\"@type\":\"ImageObject\",\"inLanguage\":\"it-IT\",\"@id\":\"https:\/\/infield-safety.com\/#\/schema\/logo\/image\/\",\"url\":\"https:\/\/infield-safety.com\/wp-content\/uploads\/2023\/12\/infield-safety-logo-transparent-600x180-1.png\",\"contentUrl\":\"https:\/\/infield-safety.com\/wp-content\/uploads\/2023\/12\/infield-safety-logo-transparent-600x180-1.png\",\"width\":600,\"height\":180,\"caption\":\"INFIELD SAFETY\"},\"image\":{\"@id\":\"https:\/\/infield-safety.com\/#\/schema\/logo\/image\/\"}}]}<\/script>\n<!-- \/ Yoast SEO plugin. -->","yoast_head_json":{"title":"INFIELD-SAFETY | Schutzbrillen - Augenschutz | individueller Geh\u00f6rschutz","description":"INFIELD Safety ist Hersteller von hochwertigen Schutzbrillen, speziell f\u00fcr Brillentr\u00e4ger (Korrektionsschutzbrillen) sowie individuellem Geh\u00f6rschutz","robots":{"index":"index","follow":"follow","max-snippet":"max-snippet:-1","max-image-preview":"max-image-preview:large","max-video-preview":"max-video-preview:-1"},"canonical":"https:\/\/infield-safety.com\/produkte\/schutzbrillen\/schweisserschutzbrillen\/gutschein-67\/","og_locale":"it_IT","og_type":"article","og_title":"INFIELD-SAFETY | Schutzbrillen - Augenschutz | individueller Geh\u00f6rschutz","og_description":"INFIELD Safety ist Hersteller von hochwertigen Schutzbrillen, speziell f\u00fcr Brillentr\u00e4ger (Korrektionsschutzbrillen) sowie individuellem Geh\u00f6rschutz","og_url":"https:\/\/infield-safety.com\/produkte\/schutzbrillen\/schweisserschutzbrillen\/gutschein-67\/","og_site_name":"INFIELD SAFETY","article_modified_time":"2025-10-20T10:44:18+00:00","og_image":[{"width":1200,"height":1200,"url":"https:\/\/infield-safety.com\/wp-content\/uploads\/2025\/10\/9320132AF_terminatorxtra_schwarz_p-4.webp","type":"image\/jpeg"}],"twitter_card":"summary_large_image","twitter_misc":{"Tempo di lettura stimato":"2 minuti"},"schema":{"@context":"https:\/\/schema.org","@graph":[{"@type":"WebPage","@id":"https:\/\/infield-safety.com\/produkte\/schutzbrillen\/schweisserschutzbrillen\/gutschein-67\/","url":"https:\/\/infield-safety.com\/produkte\/schutzbrillen\/schweisserschutzbrillen\/gutschein-67\/","name":"INFIELD-SAFETY | Schutzbrillen - Augenschutz | individueller Geh\u00f6rschutz","isPartOf":{"@id":"https:\/\/infield-safety.com\/#website"},"primaryImageOfPage":{"@id":"https:\/\/infield-safety.com\/produkte\/schutzbrillen\/schweisserschutzbrillen\/gutschein-67\/#primaryimage"},"image":{"@id":"https:\/\/infield-safety.com\/produkte\/schutzbrillen\/schweisserschutzbrillen\/gutschein-67\/#primaryimage"},"thumbnailUrl":"https:\/\/infield-safety.com\/wp-content\/uploads\/2025\/10\/9320132AF_terminatorxtra_schwarz_p-4.webp","datePublished":"2025-10-09T12:20:49+00:00","dateModified":"2025-10-20T10:44:18+00:00","description":"INFIELD Safety ist Hersteller von hochwertigen Schutzbrillen, speziell f\u00fcr Brillentr\u00e4ger (Korrektionsschutzbrillen) sowie individuellem Geh\u00f6rschutz","breadcrumb":{"@id":"https:\/\/infield-safety.com\/produkte\/schutzbrillen\/schweisserschutzbrillen\/gutschein-67\/#breadcrumb"},"inLanguage":"it-IT","potentialAction":[{"@type":"ReadAction","target":["https:\/\/infield-safety.com\/produkte\/schutzbrillen\/schweisserschutzbrillen\/gutschein-67\/"]}]},{"@type":"ImageObject","inLanguage":"it-IT","@id":"https:\/\/infield-safety.com\/produkte\/schutzbrillen\/schweisserschutzbrillen\/gutschein-67\/#primaryimage","url":"https:\/\/infield-safety.com\/wp-content\/uploads\/2025\/10\/9320132AF_terminatorxtra_schwarz_p-4.webp","contentUrl":"https:\/\/infield-safety.com\/wp-content\/uploads\/2025\/10\/9320132AF_terminatorxtra_schwarz_p-4.webp","width":1200,"height":1200},{"@type":"BreadcrumbList","@id":"https:\/\/infield-safety.com\/produkte\/schutzbrillen\/schweisserschutzbrillen\/gutschein-67\/#breadcrumb","itemListElement":[{"@type":"ListItem","position":1,"name":"Startseite","item":"https:\/\/infield-safety.com\/it\/"},{"@type":"ListItem","position":2,"name":"Prodotti","item":"https:\/\/infield-safety.com\/it\/prodotti\/"},{"@type":"ListItem","position":3,"name":"TERMINATOR XTRA WELDING"}]},{"@type":"WebSite","@id":"https:\/\/infield-safety.com\/#website","url":"https:\/\/infield-safety.com\/","name":"INFIELD SAFETY","description":"individueller und professioneller Augen- und Geh\u00f6rschutz","publisher":{"@id":"https:\/\/infield-safety.com\/#organization"},"potentialAction":[{"@type":"SearchAction","target":{"@type":"EntryPoint","urlTemplate":"https:\/\/infield-safety.com\/?s={search_term_string}"},"query-input":{"@type":"PropertyValueSpecification","valueRequired":true,"valueName":"search_term_string"}}],"inLanguage":"it-IT"},{"@type":"Organization","@id":"https:\/\/infield-safety.com\/#organization","name":"INFIELD SAFETY","url":"https:\/\/infield-safety.com\/","logo":{"@type":"ImageObject","inLanguage":"it-IT","@id":"https:\/\/infield-safety.com\/#\/schema\/logo\/image\/","url":"https:\/\/infield-safety.com\/wp-content\/uploads\/2023\/12\/infield-safety-logo-transparent-600x180-1.png","contentUrl":"https:\/\/infield-safety.com\/wp-content\/uploads\/2023\/12\/infield-safety-logo-transparent-600x180-1.png","width":600,"height":180,"caption":"INFIELD SAFETY"},"image":{"@id":"https:\/\/infield-safety.com\/#\/schema\/logo\/image\/"}}]}},"_links":{"self":[{"href":"https:\/\/infield-safety.com\/it\/wp-json\/wp\/v2\/product\/26649","targetHints":{"allow":["GET"]}}],"collection":[{"href":"https:\/\/infield-safety.com\/it\/wp-json\/wp\/v2\/product"}],"about":[{"href":"https:\/\/infield-safety.com\/it\/wp-json\/wp\/v2\/types\/product"}],"wp:featuredmedia":[{"embeddable":true,"href":"https:\/\/infield-safety.com\/it\/wp-json\/wp\/v2\/media\/26651"}],"wp:attachment":[{"href":"https:\/\/infield-safety.com\/it\/wp-json\/wp\/v2\/media?parent=26649"}],"wp:term":[{"taxonomy":"product_brand","embeddable":true,"href":"https:\/\/infield-safety.com\/it\/wp-json\/wp\/v2\/product_brand?post=26649"},{"taxonomy":"product_cat","embeddable":true,"href":"https:\/\/infield-safety.com\/it\/wp-json\/wp\/v2\/product_cat?post=26649"},{"taxonomy":"product_tag","embeddable":true,"href":"https:\/\/infield-safety.com\/it\/wp-json\/wp\/v2\/product_tag?post=26649"}],"curies":[{"name":"wp","href":"https:\/\/api.w.org\/{rel}","templated":true}]}}